{"id":98969,"date":"2024-03-20T17:09:25","date_gmt":"2024-03-20T16:09:25","guid":{"rendered":"https:\/\/kustomshop.kinsta.cloud\/produkt\/adv-unify-fz-hood-m\/"},"modified":"2026-03-27T15:01:47","modified_gmt":"2026-03-27T14:01:47","slug":"adv-unify-fz-hood-m","status":"publish","type":"product","link":"https:\/\/shop.kustom.ch\/fr\/produit\/adv-unify-fz-hood-m\/","title":{"rendered":"ADV Unify FZ Hood M"},"content":{"rendered":"<p>Veste \u00e0 capuche confortable en polyester recycl\u00e9 doux, \u00e9lastique et fonctionnel avec deux poches.<br \/>\n- Veste \u00e0 capuche confortable<br \/>\n-polyester recycl\u00e9 doux et fonctionnel<br \/>\n-Coupe ergonomique et \u00e9lastique<br \/>\n-capuche avec cordon de serrage<br \/>\n-deux poches<\/p>\n<p>Mati\u00e8re : 100% polyester recycl\u00e9<\/p>","protected":false},"excerpt":{"rendered":"<p>Bequeme Kapuzenjacke aus weichem, elastischem und funktionellem Recyclingpolyester mit zwei Taschen. \u2022 Bequeme Kapuzenjacke \u2022Weiches, funktionelles Recycling-Polyester \u2022Ergonomische, elastische Passform \u2022Kapuze mit Kordelzug \u2022Zwei Taschen Material: 100% Recycling-Polyester<\/p>","protected":false},"featured_media":98968,"template":"","meta":[],"product_brand":[],"product_cat":[4191],"product_tag":[],"class_list":{"0":"post-98969","1":"product","2":"type-product","3":"status-publish","4":"has-post-thumbnail","6":"product_cat-longsleeves-sweatshirts","7":"pa_brand-craft-retail-sportswear","8":"pa_brand-type-sportswear","9":"pa_filter-color-blau","10":"pa_filter-color-grau","11":"pa_filter-color-gruen","12":"pa_filter-color-orange","13":"pa_filter-color-rot","14":"pa_filter-color-schwarz","16":"first","17":"instock","18":"sale","19":"taxable","20":"shipping-taxable","21":"purchasable","22":"product-type-variable","23":"add-to-wishlist-before_image"},"exclude_global_add_ons":[],"addons":[],"acf":[],"_links":{"self":[{"href":"https:\/\/shop.kustom.ch\/fr\/wp-json\/wp\/v2\/product\/98969"}],"collection":[{"href":"https:\/\/shop.kustom.ch\/fr\/wp-json\/wp\/v2\/product"}],"about":[{"href":"https:\/\/shop.kustom.ch\/fr\/wp-json\/wp\/v2\/types\/product"}],"wp:featuredmedia":[{"embeddable":true,"href":"https:\/\/shop.kustom.ch\/fr\/wp-json\/wp\/v2\/media\/98968"}],"wp:attachment":[{"href":"https:\/\/shop.kustom.ch\/fr\/wp-json\/wp\/v2\/media?parent=98969"}],"wp:term":[{"taxonomy":"product_brand","embeddable":true,"href":"https:\/\/shop.kustom.ch\/fr\/wp-json\/wp\/v2\/product_brand?post=98969"},{"taxonomy":"product_cat","embeddable":true,"href":"https:\/\/shop.kustom.ch\/fr\/wp-json\/wp\/v2\/product_cat?post=98969"},{"taxonomy":"product_tag","embeddable":true,"href":"https:\/\/shop.kustom.ch\/fr\/wp-json\/wp\/v2\/product_tag?post=98969"}],"curies":[{"name":"wp","href":"https:\/\/api.w.org\/{rel}","templated":true}]}}