{"id":98957,"date":"2024-03-20T17:09:20","date_gmt":"2024-03-20T16:09:20","guid":{"rendered":"https:\/\/kustomshop.kinsta.cloud\/produkt\/pants-warm-jr\/"},"modified":"2026-03-27T15:43:04","modified_gmt":"2026-03-27T14:43:04","slug":"pants-warm-jr","status":"publish","type":"product","link":"https:\/\/shop.kustom.ch\/fr\/produit\/pants-warm-jr\/","title":{"rendered":"Pants Warm Jr"},"content":{"rendered":"<p>Pantalon l\u00e9ger et doubl\u00e9 qui tient agr\u00e9ablement chaud lors de temp\u00e9ratures plus fra\u00eeches. Int\u00e9rieur bross\u00e9 pour plus de chaleur et de confort, les empi\u00e8cements \u00e9lastiques assurent une libert\u00e9 de mouvement optimale et une coupe sportive.<\/p>\n<p>Mat\u00e9riau : polyester 100%<\/p>","protected":false},"excerpt":{"rendered":"<p><span><\/span><\/p>","protected":false},"featured_media":98923,"template":"","meta":[],"product_brand":[],"product_cat":[4185],"product_tag":[],"class_list":{"0":"post-98957","1":"product","2":"type-product","3":"status-publish","4":"has-post-thumbnail","6":"product_cat-hosen","7":"pa_brand-craft-teamwear","8":"pa_brand-type-sportswear","9":"pa_filter-color-blau","10":"pa_filter-color-schwarz","12":"first","13":"instock","14":"sale","15":"taxable","16":"shipping-taxable","17":"purchasable","18":"product-type-variable","19":"add-to-wishlist-before_image"},"exclude_global_add_ons":[],"addons":[],"acf":[],"_links":{"self":[{"href":"https:\/\/shop.kustom.ch\/fr\/wp-json\/wp\/v2\/product\/98957"}],"collection":[{"href":"https:\/\/shop.kustom.ch\/fr\/wp-json\/wp\/v2\/product"}],"about":[{"href":"https:\/\/shop.kustom.ch\/fr\/wp-json\/wp\/v2\/types\/product"}],"wp:featuredmedia":[{"embeddable":true,"href":"https:\/\/shop.kustom.ch\/fr\/wp-json\/wp\/v2\/media\/98923"}],"wp:attachment":[{"href":"https:\/\/shop.kustom.ch\/fr\/wp-json\/wp\/v2\/media?parent=98957"}],"wp:term":[{"taxonomy":"product_brand","embeddable":true,"href":"https:\/\/shop.kustom.ch\/fr\/wp-json\/wp\/v2\/product_brand?post=98957"},{"taxonomy":"product_cat","embeddable":true,"href":"https:\/\/shop.kustom.ch\/fr\/wp-json\/wp\/v2\/product_cat?post=98957"},{"taxonomy":"product_tag","embeddable":true,"href":"https:\/\/shop.kustom.ch\/fr\/wp-json\/wp\/v2\/product_tag?post=98957"}],"curies":[{"name":"wp","href":"https:\/\/api.w.org\/{rel}","templated":true}]}}