{"id":98869,"date":"2024-03-20T17:08:54","date_gmt":"2024-03-20T16:08:54","guid":{"rendered":"https:\/\/kustomshop.kinsta.cloud\/produkt\/jacket-warm-w\/"},"modified":"2026-03-27T15:22:01","modified_gmt":"2026-03-27T14:22:01","slug":"jacket-warm-w","status":"publish","type":"product","link":"https:\/\/shop.kustom.ch\/fr\/produit\/jacket-warm-w\/","title":{"rendered":"Veste Warm W"},"content":{"rendered":"<p>Veste doubl\u00e9e l\u00e9g\u00e8re qui tient agr\u00e9ablement chaud lorsque les temp\u00e9ratures sont plus fra\u00eeches. Int\u00e9rieur bross\u00e9 pour plus de chaleur et de confort, les empi\u00e8cements \u00e9lastiques assurent une libert\u00e9 de mouvement optimale et une coupe sportive.<\/p>\n<p>Mat\u00e9riau : polyester 100%<\/p>","protected":false},"excerpt":{"rendered":"<p><span><\/span><\/p>","protected":false},"featured_media":98868,"template":"","meta":[],"product_brand":[],"product_cat":[4186],"product_tag":[],"class_list":{"0":"post-98869","1":"product","2":"type-product","3":"status-publish","4":"has-post-thumbnail","6":"product_cat-jacken","7":"pa_brand-craft-teamwear","8":"pa_brand-type-sportswear","9":"pa_filter-color-blau","10":"pa_filter-color-rot","11":"pa_filter-color-schwarz","13":"first","14":"instock","15":"sale","16":"taxable","17":"shipping-taxable","18":"purchasable","19":"product-type-variable","20":"add-to-wishlist-before_image"},"exclude_global_add_ons":[],"addons":[],"acf":[],"_links":{"self":[{"href":"https:\/\/shop.kustom.ch\/fr\/wp-json\/wp\/v2\/product\/98869"}],"collection":[{"href":"https:\/\/shop.kustom.ch\/fr\/wp-json\/wp\/v2\/product"}],"about":[{"href":"https:\/\/shop.kustom.ch\/fr\/wp-json\/wp\/v2\/types\/product"}],"wp:featuredmedia":[{"embeddable":true,"href":"https:\/\/shop.kustom.ch\/fr\/wp-json\/wp\/v2\/media\/98868"}],"wp:attachment":[{"href":"https:\/\/shop.kustom.ch\/fr\/wp-json\/wp\/v2\/media?parent=98869"}],"wp:term":[{"taxonomy":"product_brand","embeddable":true,"href":"https:\/\/shop.kustom.ch\/fr\/wp-json\/wp\/v2\/product_brand?post=98869"},{"taxonomy":"product_cat","embeddable":true,"href":"https:\/\/shop.kustom.ch\/fr\/wp-json\/wp\/v2\/product_cat?post=98869"},{"taxonomy":"product_tag","embeddable":true,"href":"https:\/\/shop.kustom.ch\/fr\/wp-json\/wp\/v2\/product_tag?post=98869"}],"curies":[{"name":"wp","href":"https:\/\/api.w.org\/{rel}","templated":true}]}}