{"id":98753,"date":"2024-03-20T17:08:17","date_gmt":"2024-03-20T16:08:17","guid":{"rendered":"https:\/\/kustomshop.kinsta.cloud\/produkt\/community-sweatshorts-m\/"},"modified":"2026-03-27T15:46:05","modified_gmt":"2026-03-27T14:46:05","slug":"community-sweatshorts-m","status":"publish","type":"product","link":"https:\/\/shop.kustom.ch\/fr\/produit\/community-sweatshorts-m\/","title":{"rendered":"Sweatshort communautaire M"},"content":{"rendered":"<p>Sweatshort doux et d\u00e9contract\u00e9 avec un look sportif pour des moments de d\u00e9tente en dehors du terrain. Le m\u00e9lange de polyester et de coton agr\u00e9ablement doux garantit un confort maximal avec une fonction l\u00e9g\u00e8re. Parfait pour le branding avec les logos du club, des sponsors ou de l'entreprise.<\/p>\n<p>Mat\u00e9riau : Tissu 1 : 65% Polyester 35% Coton<\/p>","protected":false},"excerpt":{"rendered":"<p><span><\/span><\/p>","protected":false},"featured_media":98752,"template":"","meta":[],"product_brand":[],"product_cat":[4198],"product_tag":[],"class_list":{"0":"post-98753","1":"product","2":"type-product","3":"status-publish","4":"has-post-thumbnail","6":"product_cat-shorts","7":"pa_brand-craft-teamwear","8":"pa_brand-type-sportswear","9":"pa_filter-color-blau","10":"pa_filter-color-grau","11":"pa_filter-color-schwarz","13":"first","14":"instock","15":"sale","16":"taxable","17":"shipping-taxable","18":"purchasable","19":"product-type-variable","20":"add-to-wishlist-before_image"},"exclude_global_add_ons":[],"addons":[],"acf":[],"_links":{"self":[{"href":"https:\/\/shop.kustom.ch\/fr\/wp-json\/wp\/v2\/product\/98753"}],"collection":[{"href":"https:\/\/shop.kustom.ch\/fr\/wp-json\/wp\/v2\/product"}],"about":[{"href":"https:\/\/shop.kustom.ch\/fr\/wp-json\/wp\/v2\/types\/product"}],"wp:featuredmedia":[{"embeddable":true,"href":"https:\/\/shop.kustom.ch\/fr\/wp-json\/wp\/v2\/media\/98752"}],"wp:attachment":[{"href":"https:\/\/shop.kustom.ch\/fr\/wp-json\/wp\/v2\/media?parent=98753"}],"wp:term":[{"taxonomy":"product_brand","embeddable":true,"href":"https:\/\/shop.kustom.ch\/fr\/wp-json\/wp\/v2\/product_brand?post=98753"},{"taxonomy":"product_cat","embeddable":true,"href":"https:\/\/shop.kustom.ch\/fr\/wp-json\/wp\/v2\/product_cat?post=98753"},{"taxonomy":"product_tag","embeddable":true,"href":"https:\/\/shop.kustom.ch\/fr\/wp-json\/wp\/v2\/product_tag?post=98753"}],"curies":[{"name":"wp","href":"https:\/\/api.w.org\/{rel}","templated":true}]}}