{"id":98687,"date":"2024-03-20T17:07:57","date_gmt":"2024-03-20T16:07:57","guid":{"rendered":"https:\/\/kustomshop.kinsta.cloud\/produkt\/community-sweatpants-m\/"},"modified":"2026-03-27T15:45:15","modified_gmt":"2026-03-27T14:45:15","slug":"community-sweatpants-m","status":"publish","type":"product","link":"https:\/\/shop.kustom.ch\/fr\/produit\/community-sweatpants-m\/","title":{"rendered":"Sweatpants de la communaut\u00e9 M"},"content":{"rendered":"<p>Pantalon de jogging doux et d\u00e9contract\u00e9 avec un look sportif pour des moments de d\u00e9tente en dehors du terrain. Le m\u00e9lange polyester-coton agr\u00e9ablement doux garantit un confort maximal avec une fonction l\u00e9g\u00e8re. Parfait pour le branding avec les logos du club, des sponsors ou de l'entreprise.<\/p>\n<p>Mat\u00e9riau : Tissu 1 : 65% Polyester 35% Coton<\/p>","protected":false},"excerpt":{"rendered":"<p><span><\/span><\/p>","protected":false},"featured_media":98686,"template":"","meta":[],"product_brand":[],"product_cat":[4185],"product_tag":[],"class_list":{"0":"post-98687","1":"product","2":"type-product","3":"status-publish","4":"has-post-thumbnail","6":"product_cat-hosen","7":"pa_brand-craft-teamwear","8":"pa_brand-type-sportswear","9":"pa_filter-color-blau","10":"pa_filter-color-grau","11":"pa_filter-color-schwarz","13":"first","14":"instock","15":"sale","16":"taxable","17":"shipping-taxable","18":"purchasable","19":"product-type-variable","20":"add-to-wishlist-before_image"},"exclude_global_add_ons":[],"addons":[],"acf":[],"_links":{"self":[{"href":"https:\/\/shop.kustom.ch\/fr\/wp-json\/wp\/v2\/product\/98687"}],"collection":[{"href":"https:\/\/shop.kustom.ch\/fr\/wp-json\/wp\/v2\/product"}],"about":[{"href":"https:\/\/shop.kustom.ch\/fr\/wp-json\/wp\/v2\/types\/product"}],"wp:featuredmedia":[{"embeddable":true,"href":"https:\/\/shop.kustom.ch\/fr\/wp-json\/wp\/v2\/media\/98686"}],"wp:attachment":[{"href":"https:\/\/shop.kustom.ch\/fr\/wp-json\/wp\/v2\/media?parent=98687"}],"wp:term":[{"taxonomy":"product_brand","embeddable":true,"href":"https:\/\/shop.kustom.ch\/fr\/wp-json\/wp\/v2\/product_brand?post=98687"},{"taxonomy":"product_cat","embeddable":true,"href":"https:\/\/shop.kustom.ch\/fr\/wp-json\/wp\/v2\/product_cat?post=98687"},{"taxonomy":"product_tag","embeddable":true,"href":"https:\/\/shop.kustom.ch\/fr\/wp-json\/wp\/v2\/product_tag?post=98687"}],"curies":[{"name":"wp","href":"https:\/\/api.w.org\/{rel}","templated":true}]}}