{"id":98502,"date":"2024-03-20T17:07:06","date_gmt":"2024-03-20T16:07:06","guid":{"rendered":"https:\/\/kustomshop.kinsta.cloud\/produkt\/pro-dry-nanoweight-sl-w\/"},"modified":"2026-03-27T13:18:11","modified_gmt":"2026-03-27T12:18:11","slug":"pro-dry-nanoweight-sl-w","status":"publish","type":"product","link":"https:\/\/shop.kustom.ch\/fr\/produit\/pro-dry-nanoweight-sl-w\/","title":{"rendered":"PRO Dry Nanoweight SL W"},"content":{"rendered":"<p>Top l\u00e9ger avec mesh pour un effet rafra\u00eechissant et une excellente gestion de la temp\u00e9rature corporelle lors d'un entra\u00eenement intensif.<\/p>\n<p>- Coupe ajust\u00e9e-<br \/>\n- Mat\u00e9riau fin et l\u00e9ger pour un transfert d'humidit\u00e9 optimal<br \/>\n- Le polyester recycl\u00e9 r\u00e9duit l'empreinte \u00e9cologique<br \/>\n- Mise en \u0153uvre facile gr\u00e2ce aux \u00e9l\u00e9ments \u00e9tanches<br \/>\n- Poids du textile : 80 gsm<\/p>\n<p>Mati\u00e8re : 47% polyester 38% polyester recycl\u00e9 15% \u00e9lasthanne<\/p>","protected":false},"excerpt":{"rendered":"<p><span><\/span><\/p>","protected":false},"featured_media":98501,"template":"","meta":[],"product_brand":[],"product_cat":[4201],"product_tag":[],"class_list":{"0":"post-98502","1":"product","2":"type-product","3":"status-publish","4":"has-post-thumbnail","6":"product_cat-t-shirts","7":"pa_brand-craft-retail-sportswear","8":"pa_brand-type-sportswear","9":"pa_filter-color-schwarz","10":"pa_filter-color-weiss","12":"first","13":"instock","14":"sale","15":"taxable","16":"shipping-taxable","17":"purchasable","18":"product-type-variable","19":"add-to-wishlist-before_image"},"exclude_global_add_ons":[],"addons":[],"acf":[],"_links":{"self":[{"href":"https:\/\/shop.kustom.ch\/fr\/wp-json\/wp\/v2\/product\/98502"}],"collection":[{"href":"https:\/\/shop.kustom.ch\/fr\/wp-json\/wp\/v2\/product"}],"about":[{"href":"https:\/\/shop.kustom.ch\/fr\/wp-json\/wp\/v2\/types\/product"}],"wp:featuredmedia":[{"embeddable":true,"href":"https:\/\/shop.kustom.ch\/fr\/wp-json\/wp\/v2\/media\/98501"}],"wp:attachment":[{"href":"https:\/\/shop.kustom.ch\/fr\/wp-json\/wp\/v2\/media?parent=98502"}],"wp:term":[{"taxonomy":"product_brand","embeddable":true,"href":"https:\/\/shop.kustom.ch\/fr\/wp-json\/wp\/v2\/product_brand?post=98502"},{"taxonomy":"product_cat","embeddable":true,"href":"https:\/\/shop.kustom.ch\/fr\/wp-json\/wp\/v2\/product_cat?post=98502"},{"taxonomy":"product_tag","embeddable":true,"href":"https:\/\/shop.kustom.ch\/fr\/wp-json\/wp\/v2\/product_tag?post=98502"}],"curies":[{"name":"wp","href":"https:\/\/api.w.org\/{rel}","templated":true}]}}