{"id":98450,"date":"2024-03-20T17:06:47","date_gmt":"2024-03-20T16:06:47","guid":{"rendered":"https:\/\/kustomshop.kinsta.cloud\/produkt\/pro-dry-nanoweight-6-inch-boxer-m\/"},"modified":"2026-04-16T10:14:38","modified_gmt":"2026-04-16T09:14:38","slug":"pro-dry-nanoweight-6-inch-boxer-m","status":"publish","type":"product","link":"https:\/\/shop.kustom.ch\/fr\/produit\/pro-dry-nanoweight-6-inch-boxer-m\/","title":{"rendered":"Boxer Pro Dry Nanoweight 6 pouces M"},"content":{"rendered":"<p>Nos collants 3\/4 populaires avec une tenue parfaite pour un entra\u00eenement intensif, en mati\u00e8re fonctionnelle et en mesh pour des performances de pointe.<br \/>\n- Coupe ajust\u00e9e<br \/>\n- Mat\u00e9riau fin et l\u00e9ger pour un transfert d'humidit\u00e9 optimal<br \/>\n- Le polyester recycl\u00e9 r\u00e9duit l'empreinte \u00e9cologique<br \/>\n- Mise en \u0153uvre facile gr\u00e2ce aux \u00e9l\u00e9ments \u00e9tanches<br \/>\n- Poids du textile : 80 gsm<\/p>\n<p>Mati\u00e8re : 47% polyester 38% polyester recycl\u00e9 15% \u00e9lasthanne<\/p>","protected":false},"excerpt":{"rendered":"<p><span><\/span><\/p>","protected":false},"featured_media":98449,"template":"","meta":[],"product_brand":[],"product_cat":[4206],"product_tag":[],"class_list":{"0":"post-98450","1":"product","2":"type-product","3":"status-publish","4":"has-post-thumbnail","6":"product_cat-underwear","7":"pa_brand-craft-retail-sportswear","8":"pa_brand-type-sportswear","9":"pa_filter-color-schwarz","11":"first","12":"instock","13":"sale","14":"taxable","15":"shipping-taxable","16":"purchasable","17":"product-type-variable","18":"add-to-wishlist-before_image"},"exclude_global_add_ons":[],"addons":[],"acf":[],"_links":{"self":[{"href":"https:\/\/shop.kustom.ch\/fr\/wp-json\/wp\/v2\/product\/98450"}],"collection":[{"href":"https:\/\/shop.kustom.ch\/fr\/wp-json\/wp\/v2\/product"}],"about":[{"href":"https:\/\/shop.kustom.ch\/fr\/wp-json\/wp\/v2\/types\/product"}],"wp:featuredmedia":[{"embeddable":true,"href":"https:\/\/shop.kustom.ch\/fr\/wp-json\/wp\/v2\/media\/98449"}],"wp:attachment":[{"href":"https:\/\/shop.kustom.ch\/fr\/wp-json\/wp\/v2\/media?parent=98450"}],"wp:term":[{"taxonomy":"product_brand","embeddable":true,"href":"https:\/\/shop.kustom.ch\/fr\/wp-json\/wp\/v2\/product_brand?post=98450"},{"taxonomy":"product_cat","embeddable":true,"href":"https:\/\/shop.kustom.ch\/fr\/wp-json\/wp\/v2\/product_cat?post=98450"},{"taxonomy":"product_tag","embeddable":true,"href":"https:\/\/shop.kustom.ch\/fr\/wp-json\/wp\/v2\/product_tag?post=98450"}],"curies":[{"name":"wp","href":"https:\/\/api.w.org\/{rel}","templated":true}]}}