{"id":98437,"date":"2024-03-20T17:06:42","date_gmt":"2024-03-20T16:06:42","guid":{"rendered":"https:\/\/kustomshop.kinsta.cloud\/produkt\/essence-sock\/"},"modified":"2026-03-27T13:42:36","modified_gmt":"2026-03-27T12:42:36","slug":"essence-sock","status":"publish","type":"product","link":"https:\/\/shop.kustom.ch\/fr\/produit\/essence-sock\/","title":{"rendered":"Chaussette Essence"},"content":{"rendered":"<p>Chaussettes de cyclisme fonctionnelles avec des inserts en mesh pour un effet rafra\u00eechissant, une vo\u00fbte plantaire pr\u00e9form\u00e9e, une large bande \u00e9lastique et des renforts au niveau des orteils et du talon. Polyamide recycl\u00e9.<\/p>\n<p>Mati\u00e8re : polyamide 98% \u00e9lasthanne 2%<\/p>","protected":false},"excerpt":{"rendered":"<p><span><\/span><\/p>","protected":false},"featured_media":98436,"template":"","meta":[],"product_brand":[],"product_cat":[4199],"product_tag":[],"class_list":{"0":"post-98437","1":"product","2":"type-product","3":"status-publish","4":"has-post-thumbnail","6":"product_cat-socken","7":"pa_brand-craft-retail-sportswear","8":"pa_brand-type-sportswear","9":"pa_filter-color-schwarz","10":"pa_filter-color-weiss","12":"first","13":"instock","14":"sale","15":"taxable","16":"shipping-taxable","17":"purchasable","18":"product-type-variable","19":"add-to-wishlist-before_image"},"exclude_global_add_ons":[],"addons":[],"acf":[],"_links":{"self":[{"href":"https:\/\/shop.kustom.ch\/fr\/wp-json\/wp\/v2\/product\/98437"}],"collection":[{"href":"https:\/\/shop.kustom.ch\/fr\/wp-json\/wp\/v2\/product"}],"about":[{"href":"https:\/\/shop.kustom.ch\/fr\/wp-json\/wp\/v2\/types\/product"}],"wp:featuredmedia":[{"embeddable":true,"href":"https:\/\/shop.kustom.ch\/fr\/wp-json\/wp\/v2\/media\/98436"}],"wp:attachment":[{"href":"https:\/\/shop.kustom.ch\/fr\/wp-json\/wp\/v2\/media?parent=98437"}],"wp:term":[{"taxonomy":"product_brand","embeddable":true,"href":"https:\/\/shop.kustom.ch\/fr\/wp-json\/wp\/v2\/product_brand?post=98437"},{"taxonomy":"product_cat","embeddable":true,"href":"https:\/\/shop.kustom.ch\/fr\/wp-json\/wp\/v2\/product_cat?post=98437"},{"taxonomy":"product_tag","embeddable":true,"href":"https:\/\/shop.kustom.ch\/fr\/wp-json\/wp\/v2\/product_tag?post=98437"}],"curies":[{"name":"wp","href":"https:\/\/api.w.org\/{rel}","templated":true}]}}