{"id":98314,"date":"2024-03-20T17:06:05","date_gmt":"2024-03-20T16:06:05","guid":{"rendered":"https:\/\/kustomshop.kinsta.cloud\/produkt\/adv-essence-2-stretch-shorts-w\/"},"modified":"2026-03-27T14:59:51","modified_gmt":"2026-03-27T13:59:51","slug":"adv-essence-2-stretch-shorts-w","status":"publish","type":"product","link":"https:\/\/shop.kustom.ch\/fr\/produit\/adv-essence-2-stretch-shorts-w\/","title":{"rendered":"ADV Essence 2\u2033 Short Stretch W"},"content":{"rendered":"<p>Notre short d'entra\u00eenement populaire en tissu stretch avec une coupe plus haute sur les c\u00f4t\u00e9s, une poche zipp\u00e9e dissimul\u00e9e \u00e0 l'arri\u00e8re et un slip int\u00e9rieur.<\/p>\n<p>- longueur int\u00e9rieure de la jambe d'environ 5,5 cm pour la taille M<br \/>\n- Impression r\u00e9fl\u00e9chissante pour une meilleure visibilit\u00e9<br \/>\n- Ceinture avec cordon de serrage \u00e0 l'int\u00e9rieur<br \/>\n- Poche arri\u00e8re cach\u00e9e avec fermeture \u00e0 glissi\u00e8re<br \/>\n- Slip int\u00e9rieur \u00e9lastique<br \/>\n- Logo Craft sur le devant<br \/>\n- Logo Six-Dot \u00e0 l'arri\u00e8re<\/p>\n<p>Mati\u00e8re : corps ; 90% polyester recycl\u00e9 10% \u00e9lasthanne Doublure ; 100% polyester<\/p>","protected":false},"excerpt":{"rendered":"<p><span><\/span><\/p>","protected":false},"featured_media":98313,"template":"","meta":[],"product_brand":[],"product_cat":[4198],"product_tag":[],"class_list":{"0":"post-98314","1":"product","2":"type-product","3":"status-publish","4":"has-post-thumbnail","6":"product_cat-shorts","7":"pa_brand-craft-retail-sportswear","8":"pa_brand-type-sportswear","9":"pa_filter-color-orange","10":"pa_filter-color-rot","11":"pa_filter-color-schwarz","13":"first","14":"instock","15":"sale","16":"taxable","17":"shipping-taxable","18":"purchasable","19":"product-type-variable","20":"add-to-wishlist-before_image"},"exclude_global_add_ons":[],"addons":[],"acf":[],"_links":{"self":[{"href":"https:\/\/shop.kustom.ch\/fr\/wp-json\/wp\/v2\/product\/98314"}],"collection":[{"href":"https:\/\/shop.kustom.ch\/fr\/wp-json\/wp\/v2\/product"}],"about":[{"href":"https:\/\/shop.kustom.ch\/fr\/wp-json\/wp\/v2\/types\/product"}],"wp:featuredmedia":[{"embeddable":true,"href":"https:\/\/shop.kustom.ch\/fr\/wp-json\/wp\/v2\/media\/98313"}],"wp:attachment":[{"href":"https:\/\/shop.kustom.ch\/fr\/wp-json\/wp\/v2\/media?parent=98314"}],"wp:term":[{"taxonomy":"product_brand","embeddable":true,"href":"https:\/\/shop.kustom.ch\/fr\/wp-json\/wp\/v2\/product_brand?post=98314"},{"taxonomy":"product_cat","embeddable":true,"href":"https:\/\/shop.kustom.ch\/fr\/wp-json\/wp\/v2\/product_cat?post=98314"},{"taxonomy":"product_tag","embeddable":true,"href":"https:\/\/shop.kustom.ch\/fr\/wp-json\/wp\/v2\/product_tag?post=98314"}],"curies":[{"name":"wp","href":"https:\/\/api.w.org\/{rel}","templated":true}]}}