{"id":98210,"date":"2024-03-20T17:05:30","date_gmt":"2024-03-20T16:05:30","guid":{"rendered":"https:\/\/kustomshop.kinsta.cloud\/produkt\/adv-essence-singlet-w\/"},"modified":"2026-03-27T15:26:24","modified_gmt":"2026-03-27T14:26:24","slug":"adv-essence-singlet-w","status":"publish","type":"product","link":"https:\/\/shop.kustom.ch\/fr\/produit\/adv-essence-singlet-w\/","title":{"rendered":"ADV Essence D\u00e9bardeur W"},"content":{"rendered":"<p>Notre top populaire, doux et confortable, avec une excellente \u00e9vacuation de l'humidit\u00e9 pour l'entra\u00eenement quotidien.<\/p>\n<p>- jersey polyester doux avec \u00e9l\u00e9ments en mesh pour un excellent transfert d'humidit\u00e9<br \/>\n- Coupe normale<br \/>\n- Ourlet arrondi<br \/>\n- Racerback g\u00e9n\u00e9reux<br \/>\n- Logo Craft sur le devant<br \/>\n- Logo Six-Dot dans le dos<\/p>\n<p>Mati\u00e8re : corps 95% polyester recycl\u00e9 5% \u00e9lasthanne haut dos corps 100% polyester recycl\u00e9<\/p>","protected":false},"excerpt":{"rendered":"<p>Unser beliebtes, weiches, bequemes Top mit hervorragendem Feuchtigkeitstransport f\u00fcr das t\u00e4gliche Training. \u2022 Weicher Polyester-Jersey mit Mesh-Elementen f\u00fcr einen hervorragenden Feuchtigkeitstransport \u2022 Normale Passform \u2022 Abgerundeter Saum \u2022 Grossz\u00fcgiger Racerback \u2022 Craft Logo vorne \u2022 Six-Dot Logo im R\u00fccken Material: K\u00f6rper 95% Recycling-Polyester 5% Elasthan Oben R\u00fcckseite K\u00f6rper 100% Recycling-Polyester<\/p>","protected":false},"featured_media":98209,"template":"","meta":[],"product_brand":[],"product_cat":[4202],"product_tag":[],"class_list":{"0":"post-98210","1":"product","2":"type-product","3":"status-publish","4":"has-post-thumbnail","6":"product_cat-tank-tops","7":"pa_brand-craft-retail-sportswear","8":"pa_brand-type-sportswear","9":"pa_filter-color-blau","10":"pa_filter-color-gelb","11":"pa_filter-color-grau","12":"pa_filter-color-rot","13":"pa_filter-color-schwarz","14":"pa_filter-color-weiss","16":"first","17":"instock","18":"sale","19":"taxable","20":"shipping-taxable","21":"purchasable","22":"product-type-variable","23":"add-to-wishlist-before_image"},"exclude_global_add_ons":[],"addons":[],"acf":[],"_links":{"self":[{"href":"https:\/\/shop.kustom.ch\/fr\/wp-json\/wp\/v2\/product\/98210"}],"collection":[{"href":"https:\/\/shop.kustom.ch\/fr\/wp-json\/wp\/v2\/product"}],"about":[{"href":"https:\/\/shop.kustom.ch\/fr\/wp-json\/wp\/v2\/types\/product"}],"wp:featuredmedia":[{"embeddable":true,"href":"https:\/\/shop.kustom.ch\/fr\/wp-json\/wp\/v2\/media\/98209"}],"wp:attachment":[{"href":"https:\/\/shop.kustom.ch\/fr\/wp-json\/wp\/v2\/media?parent=98210"}],"wp:term":[{"taxonomy":"product_brand","embeddable":true,"href":"https:\/\/shop.kustom.ch\/fr\/wp-json\/wp\/v2\/product_brand?post=98210"},{"taxonomy":"product_cat","embeddable":true,"href":"https:\/\/shop.kustom.ch\/fr\/wp-json\/wp\/v2\/product_cat?post=98210"},{"taxonomy":"product_tag","embeddable":true,"href":"https:\/\/shop.kustom.ch\/fr\/wp-json\/wp\/v2\/product_tag?post=98210"}],"curies":[{"name":"wp","href":"https:\/\/api.w.org\/{rel}","templated":true}]}}