{"id":98174,"date":"2024-03-20T17:05:21","date_gmt":"2024-03-20T16:05:21","guid":{"rendered":"https:\/\/kustomshop.kinsta.cloud\/produkt\/adv-essence-ls-tee-w\/"},"modified":"2026-03-27T15:23:22","modified_gmt":"2026-03-27T14:23:22","slug":"adv-essence-ls-tee-w","status":"publish","type":"product","link":"https:\/\/shop.kustom.ch\/fr\/produit\/adv-essence-ls-tee-w\/","title":{"rendered":"ADV Essence LS Tee W"},"content":{"rendered":"<p>Notre t-shirt populaire, doux, confortable et moulant, avec une excellente \u00e9vacuation de l'humidit\u00e9 pour l'entra\u00eenement quotidien.<\/p>\n<p>- Mat\u00e9riau agr\u00e9ablement doux avec inserts en mesh pour une ventilation optimale<br \/>\n- coupe r\u00e9guli\u00e8re<br \/>\n- Ceinture arrondie<\/p>\n<p>Mati\u00e8re : corps 95% polyester recycl\u00e9 5% \u00e9lasthanne haut dos corps 100% polyester recycl\u00e9<\/p>","protected":false},"excerpt":{"rendered":"<p><span><\/span><\/p>","protected":false},"featured_media":98173,"template":"","meta":[],"product_brand":[],"product_cat":[4201],"product_tag":[],"class_list":{"0":"post-98174","1":"product","2":"type-product","3":"status-publish","4":"has-post-thumbnail","6":"product_cat-t-shirts","7":"pa_brand-craft-retail-sportswear","8":"pa_brand-type-sportswear","9":"pa_filter-color-gelb","10":"pa_filter-color-grau","11":"pa_filter-color-rot","12":"pa_filter-color-schwarz","13":"pa_filter-color-weiss","15":"first","16":"instock","17":"sale","18":"taxable","19":"shipping-taxable","20":"purchasable","21":"product-type-variable","22":"add-to-wishlist-before_image"},"exclude_global_add_ons":[],"addons":[],"acf":[],"_links":{"self":[{"href":"https:\/\/shop.kustom.ch\/fr\/wp-json\/wp\/v2\/product\/98174"}],"collection":[{"href":"https:\/\/shop.kustom.ch\/fr\/wp-json\/wp\/v2\/product"}],"about":[{"href":"https:\/\/shop.kustom.ch\/fr\/wp-json\/wp\/v2\/types\/product"}],"wp:featuredmedia":[{"embeddable":true,"href":"https:\/\/shop.kustom.ch\/fr\/wp-json\/wp\/v2\/media\/98173"}],"wp:attachment":[{"href":"https:\/\/shop.kustom.ch\/fr\/wp-json\/wp\/v2\/media?parent=98174"}],"wp:term":[{"taxonomy":"product_brand","embeddable":true,"href":"https:\/\/shop.kustom.ch\/fr\/wp-json\/wp\/v2\/product_brand?post=98174"},{"taxonomy":"product_cat","embeddable":true,"href":"https:\/\/shop.kustom.ch\/fr\/wp-json\/wp\/v2\/product_cat?post=98174"},{"taxonomy":"product_tag","embeddable":true,"href":"https:\/\/shop.kustom.ch\/fr\/wp-json\/wp\/v2\/product_tag?post=98174"}],"curies":[{"name":"wp","href":"https:\/\/api.w.org\/{rel}","templated":true}]}}