{"id":98092,"date":"2024-03-20T17:04:57","date_gmt":"2024-03-20T16:04:57","guid":{"rendered":"https:\/\/kustomshop.kinsta.cloud\/produkt\/adv-essence-2-in-1-stretch-shorts-m\/"},"modified":"2026-03-27T14:58:50","modified_gmt":"2026-03-27T13:58:50","slug":"adv-essence-2-in-1-stretch-shorts-m","status":"publish","type":"product","link":"https:\/\/shop.kustom.ch\/fr\/produit\/adv-essence-2-in-1-stretch-shorts-m\/","title":{"rendered":"ADV Essence Short stretch 2 en 1 M"},"content":{"rendered":"<p>Notre short l\u00e9ger et populaire avec une coupe ergonomique, une poche arri\u00e8re dissimul\u00e9e et un slip int\u00e9rieur pour un maintien optimal.<\/p>\n<p>- Coupe ergonomique pour une libert\u00e9 de mouvement optimale<br \/>\n- Tissu l\u00e9ger et souple avec effet d'\u00e9tirement m\u00e9canique<br \/>\n- Ceinture avec cordon de serrage \u00e0 l'int\u00e9rieur<br \/>\n- Poche dissimul\u00e9e \u00e0 la taille, se chevauchant<br \/>\n- Slip int\u00e9rieur \u00e9lastique pour un maintien optimal<br \/>\n- Logo Craft sur le devant<br \/>\n- Logo Six-Dot \u00e0 l'arri\u00e8re<\/p>\n<p>Mati\u00e8re : corps ; 90% polyester recycl\u00e9 10% \u00e9lasthanne Doublure ; 100% polyester<\/p>","protected":false},"excerpt":{"rendered":"<p><span><\/span><\/p>","protected":false},"featured_media":98091,"template":"","meta":[],"product_brand":[],"product_cat":[4198],"product_tag":[],"class_list":{"0":"post-98092","1":"product","2":"type-product","3":"status-publish","4":"has-post-thumbnail","6":"product_cat-shorts","7":"pa_brand-craft-retail-sportswear","8":"pa_brand-type-sportswear","9":"pa_filter-color-blau","10":"pa_filter-color-gruen","11":"pa_filter-color-schwarz","13":"first","14":"instock","15":"sale","16":"taxable","17":"shipping-taxable","18":"purchasable","19":"product-type-variable","20":"add-to-wishlist-before_image"},"exclude_global_add_ons":[],"addons":[],"acf":[],"_links":{"self":[{"href":"https:\/\/shop.kustom.ch\/fr\/wp-json\/wp\/v2\/product\/98092"}],"collection":[{"href":"https:\/\/shop.kustom.ch\/fr\/wp-json\/wp\/v2\/product"}],"about":[{"href":"https:\/\/shop.kustom.ch\/fr\/wp-json\/wp\/v2\/types\/product"}],"wp:featuredmedia":[{"embeddable":true,"href":"https:\/\/shop.kustom.ch\/fr\/wp-json\/wp\/v2\/media\/98091"}],"wp:attachment":[{"href":"https:\/\/shop.kustom.ch\/fr\/wp-json\/wp\/v2\/media?parent=98092"}],"wp:term":[{"taxonomy":"product_brand","embeddable":true,"href":"https:\/\/shop.kustom.ch\/fr\/wp-json\/wp\/v2\/product_brand?post=98092"},{"taxonomy":"product_cat","embeddable":true,"href":"https:\/\/shop.kustom.ch\/fr\/wp-json\/wp\/v2\/product_cat?post=98092"},{"taxonomy":"product_tag","embeddable":true,"href":"https:\/\/shop.kustom.ch\/fr\/wp-json\/wp\/v2\/product_tag?post=98092"}],"curies":[{"name":"wp","href":"https:\/\/api.w.org\/{rel}","templated":true}]}}