{"id":98075,"date":"2024-03-20T17:04:52","date_gmt":"2024-03-20T16:04:52","guid":{"rendered":"https:\/\/kustomshop.kinsta.cloud\/produkt\/adv-essence-5-stretch-shorts-m\/"},"modified":"2026-03-27T14:57:31","modified_gmt":"2026-03-27T13:57:31","slug":"adv-essence-5-stretch-shorts-m","status":"publish","type":"product","link":"https:\/\/shop.kustom.ch\/fr\/produit\/adv-essence-5-stretch-shorts-m\/","title":{"rendered":"ADV Essence 5\u2033 Short stretch M"},"content":{"rendered":"<p>Notre short d'entra\u00eenement populaire en tissu stretch avec une fente lat\u00e9rale, une poche arri\u00e8re dissimul\u00e9e et un slip int\u00e9rieur.<\/p>\n<p>- longueur int\u00e9rieure de la jambe d'environ 12 cm pour la taille M<br \/>\n- Impression r\u00e9fl\u00e9chissante pour une meilleure visibilit\u00e9<br \/>\n- Ceinture avec cordon de serrage \u00e0 l'int\u00e9rieur<br \/>\n- Poche dissimul\u00e9e \u00e0 la taille, se chevauchant<br \/>\n- Slip int\u00e9rieur \u00e9lastique<br \/>\n- Logo Craft sur le devant<br \/>\n- Logo Six-Dot \u00e0 l'arri\u00e8re<\/p>\n<p>Mati\u00e8re : corps ; 90% polyester recycl\u00e9 10% \u00e9lasthanne Doublure ; 100% polyester<\/p>","protected":false},"excerpt":{"rendered":"<p><span><\/span><\/p>","protected":false},"featured_media":98074,"template":"","meta":[],"product_brand":[],"product_cat":[4198],"product_tag":[],"class_list":{"0":"post-98075","1":"product","2":"type-product","3":"status-publish","4":"has-post-thumbnail","6":"product_cat-shorts","7":"pa_brand-craft-retail-sportswear","8":"pa_brand-type-sportswear","9":"pa_filter-color-blau","10":"pa_filter-color-schwarz","12":"first","13":"outofstock","14":"sale","15":"taxable","16":"shipping-taxable","17":"purchasable","18":"product-type-variable","19":"add-to-wishlist-before_image"},"exclude_global_add_ons":[],"addons":[],"acf":[],"_links":{"self":[{"href":"https:\/\/shop.kustom.ch\/fr\/wp-json\/wp\/v2\/product\/98075"}],"collection":[{"href":"https:\/\/shop.kustom.ch\/fr\/wp-json\/wp\/v2\/product"}],"about":[{"href":"https:\/\/shop.kustom.ch\/fr\/wp-json\/wp\/v2\/types\/product"}],"wp:featuredmedia":[{"embeddable":true,"href":"https:\/\/shop.kustom.ch\/fr\/wp-json\/wp\/v2\/media\/98074"}],"wp:attachment":[{"href":"https:\/\/shop.kustom.ch\/fr\/wp-json\/wp\/v2\/media?parent=98075"}],"wp:term":[{"taxonomy":"product_brand","embeddable":true,"href":"https:\/\/shop.kustom.ch\/fr\/wp-json\/wp\/v2\/product_brand?post=98075"},{"taxonomy":"product_cat","embeddable":true,"href":"https:\/\/shop.kustom.ch\/fr\/wp-json\/wp\/v2\/product_cat?post=98075"},{"taxonomy":"product_tag","embeddable":true,"href":"https:\/\/shop.kustom.ch\/fr\/wp-json\/wp\/v2\/product_tag?post=98075"}],"curies":[{"name":"wp","href":"https:\/\/api.w.org\/{rel}","templated":true}]}}