{"id":98060,"date":"2024-03-20T17:04:46","date_gmt":"2024-03-20T16:04:46","guid":{"rendered":"https:\/\/kustomshop.kinsta.cloud\/produkt\/adv-essence-2-stretch-shorts-m\/"},"modified":"2026-03-27T14:55:55","modified_gmt":"2026-03-27T13:55:55","slug":"adv-essence-2-stretch-shorts-m","status":"publish","type":"product","link":"https:\/\/shop.kustom.ch\/fr\/produit\/adv-essence-2-stretch-shorts-m\/","title":{"rendered":"ADV Essence 2\u2033 Short stretch M"},"content":{"rendered":"<p>Notre short de course populaire en tissu stretch avec une coupe plus haute sur les c\u00f4t\u00e9s, une poche cach\u00e9e \u00e0 l'arri\u00e8re et un slip int\u00e9rieur.<\/p>\n<p>- longueur int\u00e9rieure de la jambe d'environ 5,5 cm pour la taille M<br \/>\n- Impression r\u00e9fl\u00e9chissante pour une meilleure visibilit\u00e9<br \/>\n- Ceinture avec cordon de serrage \u00e0 l'int\u00e9rieur<br \/>\n- Poche dissimul\u00e9e \u00e0 la taille, se chevauchant<br \/>\n- Slip int\u00e9rieur \u00e9lastique<br \/>\n- Logo Craft sur le devant<br \/>\n- Logo \u00e0 six points \u00e0 l'arri\u00e8re<\/p>\n<p>Mat\u00e9riau : Corps ; 90% polyester-recycl\u00e9 10% \u00e9lasthanne Doublure ; 100% polyester<\/p>","protected":false},"excerpt":{"rendered":"<p><span><\/span><\/p>","protected":false},"featured_media":98059,"template":"","meta":[],"product_brand":[],"product_cat":[4198],"product_tag":[],"class_list":{"0":"post-98060","1":"product","2":"type-product","3":"status-publish","4":"has-post-thumbnail","6":"product_cat-shorts","7":"pa_brand-craft-retail-sportswear","8":"pa_brand-type-sportswear","9":"pa_filter-color-blau","10":"pa_filter-color-schwarz","12":"first","13":"instock","14":"sale","15":"taxable","16":"shipping-taxable","17":"purchasable","18":"product-type-variable","19":"add-to-wishlist-before_image"},"exclude_global_add_ons":[],"addons":[],"acf":[],"_links":{"self":[{"href":"https:\/\/shop.kustom.ch\/fr\/wp-json\/wp\/v2\/product\/98060"}],"collection":[{"href":"https:\/\/shop.kustom.ch\/fr\/wp-json\/wp\/v2\/product"}],"about":[{"href":"https:\/\/shop.kustom.ch\/fr\/wp-json\/wp\/v2\/types\/product"}],"wp:featuredmedia":[{"embeddable":true,"href":"https:\/\/shop.kustom.ch\/fr\/wp-json\/wp\/v2\/media\/98059"}],"wp:attachment":[{"href":"https:\/\/shop.kustom.ch\/fr\/wp-json\/wp\/v2\/media?parent=98060"}],"wp:term":[{"taxonomy":"product_brand","embeddable":true,"href":"https:\/\/shop.kustom.ch\/fr\/wp-json\/wp\/v2\/product_brand?post=98060"},{"taxonomy":"product_cat","embeddable":true,"href":"https:\/\/shop.kustom.ch\/fr\/wp-json\/wp\/v2\/product_cat?post=98060"},{"taxonomy":"product_tag","embeddable":true,"href":"https:\/\/shop.kustom.ch\/fr\/wp-json\/wp\/v2\/product_tag?post=98060"}],"curies":[{"name":"wp","href":"https:\/\/api.w.org\/{rel}","templated":true}]}}