{"id":97964,"date":"2024-03-20T17:04:11","date_gmt":"2024-03-20T16:04:11","guid":{"rendered":"https:\/\/kustomshop.kinsta.cloud\/produkt\/adv-essence-ls-tee-m\/"},"modified":"2026-03-27T15:22:33","modified_gmt":"2026-03-27T14:22:33","slug":"adv-essence-ls-tee-m","status":"publish","type":"product","link":"https:\/\/shop.kustom.ch\/fr\/produit\/adv-essence-ls-tee-m\/","title":{"rendered":"ADV Essence LS Tee M"},"content":{"rendered":"<p>Notre t-shirt \u00e0 manches longues populaire, doux et confortable, avec une excellente \u00e9vacuation de l'humidit\u00e9 pour l'entra\u00eenement quotidien. Coupe normale.<br \/>\n- Mat\u00e9riau agr\u00e9ablement doux avec inserts en mesh pour une ventilation optimale<br \/>\n- Poche cach\u00e9e avec fermeture \u00e0 glissi\u00e8re \u00e0 droite<br \/>\n- coupe r\u00e9guli\u00e8re<\/p>\n<p>Mati\u00e8re : corps 95% polyester recycl\u00e9 5% \u00e9lasthanne haut dos corps 100% polyester recycl\u00e9<\/p>","protected":false},"excerpt":{"rendered":"<p><span><\/span><\/p>","protected":false},"featured_media":97963,"template":"","meta":[],"product_brand":[],"product_cat":[4191],"product_tag":[],"class_list":{"0":"post-97964","1":"product","2":"type-product","3":"status-publish","4":"has-post-thumbnail","6":"product_cat-longsleeves-sweatshirts","7":"pa_brand-craft-retail-sportswear","8":"pa_brand-type-sportswear","9":"pa_filter-color-blau","10":"pa_filter-color-gelb","11":"pa_filter-color-rot","12":"pa_filter-color-schwarz","13":"pa_filter-color-weiss","15":"first","16":"instock","17":"sale","18":"taxable","19":"shipping-taxable","20":"purchasable","21":"product-type-variable","22":"add-to-wishlist-before_image"},"exclude_global_add_ons":[],"addons":[],"acf":[],"_links":{"self":[{"href":"https:\/\/shop.kustom.ch\/fr\/wp-json\/wp\/v2\/product\/97964"}],"collection":[{"href":"https:\/\/shop.kustom.ch\/fr\/wp-json\/wp\/v2\/product"}],"about":[{"href":"https:\/\/shop.kustom.ch\/fr\/wp-json\/wp\/v2\/types\/product"}],"wp:featuredmedia":[{"embeddable":true,"href":"https:\/\/shop.kustom.ch\/fr\/wp-json\/wp\/v2\/media\/97963"}],"wp:attachment":[{"href":"https:\/\/shop.kustom.ch\/fr\/wp-json\/wp\/v2\/media?parent=97964"}],"wp:term":[{"taxonomy":"product_brand","embeddable":true,"href":"https:\/\/shop.kustom.ch\/fr\/wp-json\/wp\/v2\/product_brand?post=97964"},{"taxonomy":"product_cat","embeddable":true,"href":"https:\/\/shop.kustom.ch\/fr\/wp-json\/wp\/v2\/product_cat?post=97964"},{"taxonomy":"product_tag","embeddable":true,"href":"https:\/\/shop.kustom.ch\/fr\/wp-json\/wp\/v2\/product_tag?post=97964"}],"curies":[{"name":"wp","href":"https:\/\/api.w.org\/{rel}","templated":true}]}}