{"id":97720,"date":"2024-03-20T17:03:16","date_gmt":"2024-03-20T16:03:16","guid":{"rendered":"https:\/\/kustomshop.kinsta.cloud\/produkt\/adv-essence-training-pants-w\/"},"modified":"2026-03-27T14:36:12","modified_gmt":"2026-03-27T13:36:12","slug":"adv-essence-training-pants-w","status":"publish","type":"product","link":"https:\/\/shop.kustom.ch\/fr\/produit\/adv-essence-training-pants-w\/","title":{"rendered":"ADV Essence Pantalon d'entra\u00eenement W"},"content":{"rendered":"<p>Collant d'entra\u00eenement en mati\u00e8re \u00e9lastique confortable avec des jambes coniques pour un ajustement optimal.<\/p>\n<p>- Polyester stretch tiss\u00e9 pour la libert\u00e9 de mouvement<br \/>\n- Ceinture de pantalon \u00e9lastique avec logo Craft \u00e0 la taille<br \/>\n- Jersey \u00e9lastique au bas de la jambe<br \/>\n- Jambes coniques, \u00e9troites au niveau du pied avec bande \u00e9lastique \u00e0 l'ouverture de la jambe<br \/>\n- Deux poches lat\u00e9rales zipp\u00e9es dissimul\u00e9es<br \/>\n- Logo Craft sur le devant<br \/>\n- Logo Six Dots au dos<\/p>\n<p>Mati\u00e8re : Haut du corps ; 88% polyester recycl\u00e9 12% \u00e9lasthanne Bas du corps ; 92% polyester recycl\u00e9 8% \u00e9lasthanne<\/p>","protected":false},"excerpt":{"rendered":"<p><span><\/span><\/p>","protected":false},"featured_media":97719,"template":"","meta":[],"product_brand":[],"product_cat":[4185],"product_tag":[],"class_list":{"0":"post-97720","1":"product","2":"type-product","3":"status-publish","4":"has-post-thumbnail","6":"product_cat-hosen","7":"pa_brand-craft-retail-sportswear","8":"pa_brand-type-sportswear","9":"pa_filter-color-schwarz","11":"first","12":"instock","13":"sale","14":"taxable","15":"shipping-taxable","16":"purchasable","17":"product-type-variable","18":"add-to-wishlist-before_image"},"exclude_global_add_ons":[],"addons":[],"acf":[],"_links":{"self":[{"href":"https:\/\/shop.kustom.ch\/fr\/wp-json\/wp\/v2\/product\/97720"}],"collection":[{"href":"https:\/\/shop.kustom.ch\/fr\/wp-json\/wp\/v2\/product"}],"about":[{"href":"https:\/\/shop.kustom.ch\/fr\/wp-json\/wp\/v2\/types\/product"}],"wp:featuredmedia":[{"embeddable":true,"href":"https:\/\/shop.kustom.ch\/fr\/wp-json\/wp\/v2\/media\/97719"}],"wp:attachment":[{"href":"https:\/\/shop.kustom.ch\/fr\/wp-json\/wp\/v2\/media?parent=97720"}],"wp:term":[{"taxonomy":"product_brand","embeddable":true,"href":"https:\/\/shop.kustom.ch\/fr\/wp-json\/wp\/v2\/product_brand?post=97720"},{"taxonomy":"product_cat","embeddable":true,"href":"https:\/\/shop.kustom.ch\/fr\/wp-json\/wp\/v2\/product_cat?post=97720"},{"taxonomy":"product_tag","embeddable":true,"href":"https:\/\/shop.kustom.ch\/fr\/wp-json\/wp\/v2\/product_tag?post=97720"}],"curies":[{"name":"wp","href":"https:\/\/api.w.org\/{rel}","templated":true}]}}