{"id":97693,"date":"2024-03-20T17:03:04","date_gmt":"2024-03-20T16:03:04","guid":{"rendered":"https:\/\/kustomshop.kinsta.cloud\/produkt\/pro-control-impact-short-shorts-m\/"},"modified":"2026-03-27T15:11:51","modified_gmt":"2026-03-27T14:11:51","slug":"pro-control-impact-short-shorts-m","status":"publish","type":"product","link":"https:\/\/shop.kustom.ch\/fr\/produit\/pro-control-impact-short-shorts-m\/","title":{"rendered":"Short PRO Control Impact M"},"content":{"rendered":"<p>Le short Pro Control Impact est fabriqu\u00e9 dans un tissu tiss\u00e9, \u00e9lastique et hautement fonctionnel qui offre une libert\u00e9 de mouvement et une gestion efficace de la temp\u00e9rature corporelle pour des performances optimales. Ce short haut de gamme est dot\u00e9 d'un slip int\u00e9rieur, de fentes lat\u00e9rales, de poches, d'une taille \u00e9lastique et d'un grand espace pour le branding avec les logos du club, du sponsor ou de l'entreprise.<br \/>\n- Short en tissu stretch<br \/>\n-short long avec fentes et poches<br \/>\n-bande \u00e9lastique \u00e0 la taille<br \/>\n-emplacement pour les logos du club\/de l'entreprise<br \/>\n-respectueux de l'environnement<\/p>\n<p>Mat\u00e9riau : Corps : 90% polyester 10% \u00e9lasthanne Doublure : 84% polyester 16% \u00e9lasthanne<\/p>","protected":false},"excerpt":{"rendered":"<p><span><\/span><\/p>","protected":false},"featured_media":97692,"template":"","meta":[],"product_brand":[],"product_cat":[4198],"product_tag":[],"class_list":{"0":"post-97693","1":"product","2":"type-product","3":"status-publish","4":"has-post-thumbnail","6":"product_cat-shorts","7":"pa_brand-craft-teamwear","8":"pa_brand-type-sportswear","9":"pa_filter-color-blau","10":"pa_filter-color-schwarz","11":"pa_filter-color-weiss","13":"first","14":"instock","15":"sale","16":"taxable","17":"shipping-taxable","18":"purchasable","19":"product-type-variable","20":"add-to-wishlist-before_image"},"exclude_global_add_ons":[],"addons":[],"acf":[],"_links":{"self":[{"href":"https:\/\/shop.kustom.ch\/fr\/wp-json\/wp\/v2\/product\/97693"}],"collection":[{"href":"https:\/\/shop.kustom.ch\/fr\/wp-json\/wp\/v2\/product"}],"about":[{"href":"https:\/\/shop.kustom.ch\/fr\/wp-json\/wp\/v2\/types\/product"}],"wp:featuredmedia":[{"embeddable":true,"href":"https:\/\/shop.kustom.ch\/fr\/wp-json\/wp\/v2\/media\/97692"}],"wp:attachment":[{"href":"https:\/\/shop.kustom.ch\/fr\/wp-json\/wp\/v2\/media?parent=97693"}],"wp:term":[{"taxonomy":"product_brand","embeddable":true,"href":"https:\/\/shop.kustom.ch\/fr\/wp-json\/wp\/v2\/product_brand?post=97693"},{"taxonomy":"product_cat","embeddable":true,"href":"https:\/\/shop.kustom.ch\/fr\/wp-json\/wp\/v2\/product_cat?post=97693"},{"taxonomy":"product_tag","embeddable":true,"href":"https:\/\/shop.kustom.ch\/fr\/wp-json\/wp\/v2\/product_tag?post=97693"}],"curies":[{"name":"wp","href":"https:\/\/api.w.org\/{rel}","templated":true}]}}