{"id":97656,"date":"2024-03-20T17:02:55","date_gmt":"2024-03-20T16:02:55","guid":{"rendered":"https:\/\/kustomshop.kinsta.cloud\/produkt\/i2-control-w\/"},"modified":"2026-03-27T15:57:36","modified_gmt":"2026-03-27T14:57:36","slug":"i2-control-w","status":"publish","type":"product","link":"https:\/\/shop.kustom.ch\/fr\/produit\/i2-control-w\/","title":{"rendered":"i2 Control W"},"content":{"rendered":"<p>i2 Control est une chaussure de sport d'int\u00e9rieur multifonctionnelle de haute qualit\u00e9. Elle est plate, l\u00e9g\u00e8re et r\u00e9sistante, dispose d'une grande adh\u00e9rence et offre beaucoup de grip lors des changements de direction rapides. En m\u00eame temps, elle offre un maximum de stabilit\u00e9 et de confort. La chaussure combine une mousse \u00e0 fort rebond pour le soutien du m\u00e9tatarse avec une semelle ext\u00e9rieure en caoutchouc afin de garantir une adh\u00e9rence parfaite et une performance contr\u00f4l\u00e9e. La tige allie respirabilit\u00e9, flexibilit\u00e9 et maintien.<\/p>\n<p>- Dessus en mesh respirant<br \/>\n- Tige avec \u00e9l\u00e9ments coup\u00e9s et cousus et sans coutures pour une meilleure stabilit\u00e9<br \/>\n- Semelle interm\u00e9diaire l\u00e9g\u00e8re en EVA<br \/>\n- Semelle ext\u00e9rieure avec mat\u00e9riau en caoutchouc high-tech adh\u00e9rent pour une traction \u00e9lev\u00e9e<br \/>\n- Ch\u00e2ssis en TPU pour une stabilit\u00e9 unique<br \/>\n- Coupe normale<br \/>\n- Poids en taille 8 (UK) 31 g<br \/>\n- Hauteur sous le talon : 2 mm<br \/>\n- Goutte : 8 mm<\/p>\n<p>Mat\u00e9riau : PU + textile ( polyester ) + TPU. Semelle interm\u00e9diaire : 100% mousse EVA. Semelle : 100% caoutchouc<\/p>","protected":false},"excerpt":{"rendered":"<p>i2 Control ist ein hochwertiger multifunktionaler Hallensportschuh. Er ist flach, leicht und strapazierf\u00e4hig, verf\u00fcgt \u00fcber eine hohe Griffigkeit und bietet viel Grip bei schnellem Richtungswechsel. Gleichzeitig bietet er maximale Stabilit\u00e4t und h\u00f6chsten Komfort. Der Schuh kombiniert einen Schaumstoff mit hohem Rebound zur Mittelfussunterst\u00fctzung mit einer Kautschukaussensohle, um eine perfekte Griffigkeit und kontrollierte Performance zu garantieren. [&hellip;]<\/p>\n","protected":false},"featured_media":706518,"template":"","meta":[],"product_brand":[],"product_cat":[4197],"product_tag":[],"class_list":{"0":"post-97656","1":"product","2":"type-product","3":"status-publish","4":"has-post-thumbnail","6":"product_cat-schuhe-sandalen","7":"pa_brand-craft","8":"pa_brand-type-sportswear","9":"pa_filter-color-gelb","10":"pa_filter-color-grau","12":"first","13":"instock","14":"sale","15":"taxable","16":"shipping-taxable","17":"purchasable","18":"product-type-variable","19":"add-to-wishlist-before_image"},"exclude_global_add_ons":[],"addons":[],"acf":[],"_links":{"self":[{"href":"https:\/\/shop.kustom.ch\/fr\/wp-json\/wp\/v2\/product\/97656"}],"collection":[{"href":"https:\/\/shop.kustom.ch\/fr\/wp-json\/wp\/v2\/product"}],"about":[{"href":"https:\/\/shop.kustom.ch\/fr\/wp-json\/wp\/v2\/types\/product"}],"wp:featuredmedia":[{"embeddable":true,"href":"https:\/\/shop.kustom.ch\/fr\/wp-json\/wp\/v2\/media\/706518"}],"wp:attachment":[{"href":"https:\/\/shop.kustom.ch\/fr\/wp-json\/wp\/v2\/media?parent=97656"}],"wp:term":[{"taxonomy":"product_brand","embeddable":true,"href":"https:\/\/shop.kustom.ch\/fr\/wp-json\/wp\/v2\/product_brand?post=97656"},{"taxonomy":"product_cat","embeddable":true,"href":"https:\/\/shop.kustom.ch\/fr\/wp-json\/wp\/v2\/product_cat?post=97656"},{"taxonomy":"product_tag","embeddable":true,"href":"https:\/\/shop.kustom.ch\/fr\/wp-json\/wp\/v2\/product_tag?post=97656"}],"curies":[{"name":"wp","href":"https:\/\/api.w.org\/{rel}","templated":true}]}}