{"id":97576,"date":"2024-03-20T17:02:33","date_gmt":"2024-03-20T16:02:33","guid":{"rendered":"https:\/\/kustomshop.kinsta.cloud\/produkt\/i1-cage-w\/"},"modified":"2026-03-27T15:57:01","modified_gmt":"2026-03-27T14:57:01","slug":"i1-cage-w","status":"publish","type":"product","link":"https:\/\/shop.kustom.ch\/fr\/produit\/i1-cage-w\/","title":{"rendered":"i1 Cage W"},"content":{"rendered":"<p>Cette chaussure l\u00e9g\u00e8re et rapide permet d'atteindre des vitesses \u00e9lev\u00e9es tout en offrant une grande r\u00e9sistance et une adh\u00e9rence maximale. Une couche plate de mousse ARC Foam\u2122 avec une semelle ext\u00e9rieure en caoutchouc assure une adh\u00e9rence parfaite avec une excellente sensation de contact avec le sol. La forme est con\u00e7ue pour une stabilit\u00e9 lat\u00e9rale maximale. Le dessus de la chaussure pr\u00e9sente une structure en treillis KPU flexible, l\u00e9g\u00e8re et incroyablement r\u00e9sistante. Cette chaussure dispose de toutes les caract\u00e9ristiques pour le sport de comp\u00e9tition en salle.<\/p>\n<p>- Tige en nylon mesh r\u00e9sistant et respirant<br \/>\n- Structure en grille KPU avec lamelles flexibles au milieu du pied, couche de stabilit\u00e9 au niveau du talon, renforts solides au niveau des orteils et renforts lat\u00e9raux suppl\u00e9mentaires pour \u00e9viter les glissades.<br \/>\n- Semelle interm\u00e9diaire en mousse ARC Foam\u2122 offrant une r\u00e9ponse optimale<br \/>\n- Semelle ext\u00e9rieure avec un mat\u00e9riau en caoutchouc high-tech adh\u00e9rent pour une traction \u00e9lev\u00e9e<br \/>\n- Ch\u00e2ssis en TPU pour une stabilit\u00e9 unique<\/p>\n<p>Mati\u00e8re : 70% polyamide, 30% polyester + KPU. Semelle interm\u00e9diaire : 100% mousse EVA. Semelle : 100% caoutchouc<\/p>","protected":false},"excerpt":{"rendered":"<p>Dieser leichte, schnelle Schuh erm\u00f6glicht hohe Geschwindigkeiten und bietet dennoch eine hohe Strapazierf\u00e4higkeit und h\u00f6chsten Halt. Eine flache Schicht aus ARC Foam\u2122 Schaumstoff mit einer Kautschukaussensohle sorgt f\u00fcr eine perfekte Griffigkeit mit einem hervorragenden Gef\u00fchl des Bodenkontakts. Die Form ist f\u00fcr eine maximale Seitenstabilit\u00e4t ausgelegt. Das Obermaterial des Schuhs weist eine flexible, leichte und unglaublich [&hellip;]<\/p>\n","protected":false},"featured_media":706517,"template":"","meta":[],"product_brand":[],"product_cat":[4197],"product_tag":[],"class_list":{"0":"post-97576","1":"product","2":"type-product","3":"status-publish","4":"has-post-thumbnail","6":"product_cat-schuhe-sandalen","7":"pa_brand-craft","8":"pa_brand-type-sportswear","9":"pa_filter-color-schwarz","10":"pa_filter-color-weiss","12":"first","13":"instock","14":"sale","15":"taxable","16":"shipping-taxable","17":"purchasable","18":"product-type-variable","19":"add-to-wishlist-before_image"},"exclude_global_add_ons":[],"addons":[],"acf":[],"_links":{"self":[{"href":"https:\/\/shop.kustom.ch\/fr\/wp-json\/wp\/v2\/product\/97576"}],"collection":[{"href":"https:\/\/shop.kustom.ch\/fr\/wp-json\/wp\/v2\/product"}],"about":[{"href":"https:\/\/shop.kustom.ch\/fr\/wp-json\/wp\/v2\/types\/product"}],"wp:featuredmedia":[{"embeddable":true,"href":"https:\/\/shop.kustom.ch\/fr\/wp-json\/wp\/v2\/media\/706517"}],"wp:attachment":[{"href":"https:\/\/shop.kustom.ch\/fr\/wp-json\/wp\/v2\/media?parent=97576"}],"wp:term":[{"taxonomy":"product_brand","embeddable":true,"href":"https:\/\/shop.kustom.ch\/fr\/wp-json\/wp\/v2\/product_brand?post=97576"},{"taxonomy":"product_cat","embeddable":true,"href":"https:\/\/shop.kustom.ch\/fr\/wp-json\/wp\/v2\/product_cat?post=97576"},{"taxonomy":"product_tag","embeddable":true,"href":"https:\/\/shop.kustom.ch\/fr\/wp-json\/wp\/v2\/product_tag?post=97576"}],"curies":[{"name":"wp","href":"https:\/\/api.w.org\/{rel}","templated":true}]}}