{"id":97385,"date":"2024-03-20T17:01:50","date_gmt":"2024-03-20T16:01:50","guid":{"rendered":"https:\/\/kustomshop.kinsta.cloud\/produkt\/v150-engineered-m\/"},"modified":"2026-03-27T16:06:18","modified_gmt":"2026-03-27T15:06:18","slug":"v150-engineered-m","status":"publish","type":"product","link":"https:\/\/shop.kustom.ch\/fr\/produit\/v150-engineered-m\/","title":{"rendered":"V150 Engineered M"},"content":{"rendered":"<p>Chaussure de course l\u00e9g\u00e8re avec une excellente flexibilit\u00e9 et un rebond \u00e9lev\u00e9. Optimale pour les courses plus longues et l'entra\u00eenement par intervalles.<\/p>\n<p>- Ajustement anatomique<br \/>\n- Bas\u00e9 sur la technologie GATE (Grip, Anatomie, Torsion, Energy Return)<br \/>\n- Design sp\u00e9cifique qui suit la forme naturelle du pied. Sa forme anatomique au niveau des orteils et sa flexibilit\u00e9 bien pens\u00e9e aux endroits strat\u00e9giques permettent un travail musculaire optimal et une performance correspondante.<br \/>\n- Cette chaussure de course offre une stabilit\u00e9 neutre afin d'assurer un bon contr\u00f4le du mouvement pour les coureurs avec une pronation normale et un mouvement normal du pied. La chaussure l\u00e9g\u00e8re<br \/>\n- Le mesh l\u00e9ger sur le dessus garantit une grande respirabilit\u00e9<br \/>\n- Soutien du talon \u00e0 l'ext\u00e9rieur en TPU moul\u00e9<br \/>\n- Goutte : 6mm<\/p>\n<p>Mat\u00e9riau : Tige : polyester 60%, polyamide 40%. Semelle interm\u00e9diaire : mousse EVA. Doublure : 100% polyester. Semelle ext\u00e9rieure : 100% caoutchouc<\/p>","protected":false},"excerpt":{"rendered":"<p>Leichter Laufschuh mit hervorragender Flexibilit\u00e4t und hohem Rebound. Optimal f\u00fcr l\u00e4ngere L\u00e4ufe und Intervalltraining. \u2022 Anatomische Passform \u2022 Basiert auf der GATE-Technologie (Grip, Anatomie, Torsion, Energy Return) \u2022 Spezifisches Design, das der nat\u00fcrlichen Form des Fusses folgt. Seine anatomische Passform beim Zehenbereich und seine durchdachte Flexibilit\u00e4t an strategischen Stellen erlauben eine optimale Muskelarbeit und entsprechende [&hellip;]<\/p>\n","protected":false},"featured_media":706553,"template":"","meta":[],"product_brand":[],"product_cat":[4197],"product_tag":[],"class_list":{"0":"post-97385","1":"product","2":"type-product","3":"status-publish","4":"has-post-thumbnail","6":"product_cat-schuhe-sandalen","7":"pa_brand-craft","8":"pa_brand-type-sportswear","9":"pa_filter-color-blau","10":"pa_filter-color-grau","11":"pa_filter-color-gruen","12":"pa_filter-color-orange","13":"pa_filter-color-rot","14":"pa_filter-color-schwarz","15":"pa_filter-color-weiss","17":"first","18":"instock","19":"sale","20":"taxable","21":"shipping-taxable","22":"purchasable","23":"product-type-variable","24":"add-to-wishlist-before_image"},"exclude_global_add_ons":[],"addons":[],"acf":[],"_links":{"self":[{"href":"https:\/\/shop.kustom.ch\/fr\/wp-json\/wp\/v2\/product\/97385"}],"collection":[{"href":"https:\/\/shop.kustom.ch\/fr\/wp-json\/wp\/v2\/product"}],"about":[{"href":"https:\/\/shop.kustom.ch\/fr\/wp-json\/wp\/v2\/types\/product"}],"wp:featuredmedia":[{"embeddable":true,"href":"https:\/\/shop.kustom.ch\/fr\/wp-json\/wp\/v2\/media\/706553"}],"wp:attachment":[{"href":"https:\/\/shop.kustom.ch\/fr\/wp-json\/wp\/v2\/media?parent=97385"}],"wp:term":[{"taxonomy":"product_brand","embeddable":true,"href":"https:\/\/shop.kustom.ch\/fr\/wp-json\/wp\/v2\/product_brand?post=97385"},{"taxonomy":"product_cat","embeddable":true,"href":"https:\/\/shop.kustom.ch\/fr\/wp-json\/wp\/v2\/product_cat?post=97385"},{"taxonomy":"product_tag","embeddable":true,"href":"https:\/\/shop.kustom.ch\/fr\/wp-json\/wp\/v2\/product_tag?post=97385"}],"curies":[{"name":"wp","href":"https:\/\/api.w.org\/{rel}","templated":true}]}}