{"id":97216,"date":"2024-03-20T17:01:00","date_gmt":"2024-03-20T16:01:00","guid":{"rendered":"https:\/\/kustomshop.kinsta.cloud\/produkt\/pro-control-impact-skirt-jr\/"},"modified":"2026-03-27T15:13:56","modified_gmt":"2026-03-27T14:13:56","slug":"pro-control-impact-skirt-jr","status":"publish","type":"product","link":"https:\/\/shop.kustom.ch\/fr\/produit\/pro-control-impact-skirt-jr\/","title":{"rendered":"Jupe d'impact Pro Control Jr"},"content":{"rendered":"<p>Avec la jupe Pro Control Impact, tu fais toujours bonne figure. La jupe est compos\u00e9e d'un tissu fonctionnel l\u00e9ger et \u00e9lastique et offre une excellente \u00e9vacuation de l'humidit\u00e9 ainsi qu'une libert\u00e9 de mouvement optimale. Avec un hot pants int\u00e9gr\u00e9, une poche \u00e0 balles, une taille \u00e9lastique et beaucoup de place pour le branding avec les logos du club, des sponsors ou de l'entreprise.<br \/>\n- La chaussure est imperm\u00e9able et r\u00e9sistante \u00e0 la salet\u00e9 gr\u00e2ce \u00e0 son mat\u00e9riau ext\u00e9rieur tricot\u00e9 en une seule pi\u00e8ce avec membrane int\u00e9gr\u00e9e (jusqu'au-dessus de la cheville).<br \/>\n- Une semelle avec un design de crampons triangulaires brevet\u00e9 apporte de la flexibilit\u00e9 et une super adh\u00e9rence sur les terrains boueux.<br \/>\n- La mousse CMEVA super amortissante apporte l'amorti n\u00e9cessaire sous le talon<br \/>\n- Poids UK8 367.5 grammes<\/p>\n<p>Mat\u00e9riau : Corps : 90% polyester 10% \u00e9lasthanne Doublure : 84% polyester 16% \u00e9lasthanne<\/p>","protected":false},"excerpt":{"rendered":"<p>Mit dem Pro Control Impact Skirt machst du immer eine gute Figur. Der Rock besteht aus einem leichten und elastischen Funktionsgewebe und bietet hervorragenden Feuchtigkeitstransport sowie optimale Bewegungsfreiheit. Mit integrierter Hotpants, Balltasche, elastischem Bund und viel Platz f\u00fcr das Branding mit Club-, Sponsorten-, oder Firmenlogos. \u2022 Der Schun ist dank seinem einteilig gestricktem Obermaterial mit [&hellip;]<\/p>\n","protected":false},"featured_media":248881,"template":"","meta":[],"product_brand":[],"product_cat":[4194],"product_tag":[],"class_list":{"0":"post-97216","1":"product","2":"type-product","3":"status-publish","4":"has-post-thumbnail","6":"product_cat-roecke","7":"pa_brand-craft-teamwear","8":"pa_brand-type-sportswear","9":"pa_filter-color-blau","10":"pa_filter-color-schwarz","11":"pa_filter-color-weiss","13":"first","14":"instock","15":"sale","16":"taxable","17":"shipping-taxable","18":"purchasable","19":"product-type-variable","20":"add-to-wishlist-before_image"},"exclude_global_add_ons":[],"addons":[],"acf":[],"_links":{"self":[{"href":"https:\/\/shop.kustom.ch\/fr\/wp-json\/wp\/v2\/product\/97216"}],"collection":[{"href":"https:\/\/shop.kustom.ch\/fr\/wp-json\/wp\/v2\/product"}],"about":[{"href":"https:\/\/shop.kustom.ch\/fr\/wp-json\/wp\/v2\/types\/product"}],"wp:featuredmedia":[{"embeddable":true,"href":"https:\/\/shop.kustom.ch\/fr\/wp-json\/wp\/v2\/media\/248881"}],"wp:attachment":[{"href":"https:\/\/shop.kustom.ch\/fr\/wp-json\/wp\/v2\/media?parent=97216"}],"wp:term":[{"taxonomy":"product_brand","embeddable":true,"href":"https:\/\/shop.kustom.ch\/fr\/wp-json\/wp\/v2\/product_brand?post=97216"},{"taxonomy":"product_cat","embeddable":true,"href":"https:\/\/shop.kustom.ch\/fr\/wp-json\/wp\/v2\/product_cat?post=97216"},{"taxonomy":"product_tag","embeddable":true,"href":"https:\/\/shop.kustom.ch\/fr\/wp-json\/wp\/v2\/product_tag?post=97216"}],"curies":[{"name":"wp","href":"https:\/\/api.w.org\/{rel}","templated":true}]}}