{"id":97194,"date":"2024-03-20T17:00:53","date_gmt":"2024-03-20T16:00:53","guid":{"rendered":"https:\/\/kustomshop.kinsta.cloud\/produkt\/pro-control-impact-skirt-w\/"},"modified":"2026-03-27T15:13:12","modified_gmt":"2026-03-27T14:13:12","slug":"pro-control-impact-skirt-w","status":"publish","type":"product","link":"https:\/\/shop.kustom.ch\/fr\/produit\/pro-control-impact-skirt-w\/","title":{"rendered":"PRO Control Impact Skirt W"},"content":{"rendered":"<p>Avec la jupe Pro Control Impact, tu fais toujours bonne figure. La jupe est compos\u00e9e d'un tissu fonctionnel l\u00e9ger et \u00e9lastique et offre une excellente \u00e9vacuation de l'humidit\u00e9 ainsi qu'une libert\u00e9 de mouvement optimale. Avec un hot pants int\u00e9gr\u00e9, une poche \u00e0 balles, une taille \u00e9lastique et beaucoup de place pour le branding avec les logos du club, des sponsors ou de l'entreprise.<br \/>\n- Tricot l\u00e9ger avec collants int\u00e9gr\u00e9s<br \/>\n-poche de balle sur le slip int\u00e9rieur<br \/>\n-bande \u00e9lastique \u00e0 la taille<br \/>\n-Espace pour les logos du club\/de l'entreprise<br \/>\n-respectueux de l'environnement<\/p>\n<p>Mat\u00e9riau : Corps : 90% polyester 10% \u00e9lasthanne Doublure : 84% polyester 16% \u00e9lasthanne<\/p>","protected":false},"excerpt":{"rendered":"<p>Mit dem Pro Control Impact Skirt machst du immer eine gute Figur. Der Rock besteht aus einem leichten und elastischen Funktionsgewebe und bietet hervorragenden Feuchtigkeitstransport sowie optimale Bewegungsfreiheit. Mit integrierter Hotpants, Balltasche, elastischem Bund und viel Platz f\u00fcr das Branding mit Club-, Sponsorten-, oder Firmenlogos. \u2022 Leichtes Tricot-Material mit integrierten Tights \u2022Balltasche am Innenslip \u2022Elastisches [&hellip;]<\/p>\n","protected":false},"featured_media":248878,"template":"","meta":[],"product_brand":[],"product_cat":[4194],"product_tag":[],"class_list":{"0":"post-97194","1":"product","2":"type-product","3":"status-publish","4":"has-post-thumbnail","6":"product_cat-roecke","7":"pa_brand-craft-teamwear","8":"pa_brand-type-sportswear","9":"pa_filter-color-blau","10":"pa_filter-color-schwarz","11":"pa_filter-color-weiss","13":"first","14":"instock","15":"sale","16":"taxable","17":"shipping-taxable","18":"purchasable","19":"product-type-variable","20":"add-to-wishlist-before_image"},"exclude_global_add_ons":[],"addons":[],"acf":[],"_links":{"self":[{"href":"https:\/\/shop.kustom.ch\/fr\/wp-json\/wp\/v2\/product\/97194"}],"collection":[{"href":"https:\/\/shop.kustom.ch\/fr\/wp-json\/wp\/v2\/product"}],"about":[{"href":"https:\/\/shop.kustom.ch\/fr\/wp-json\/wp\/v2\/types\/product"}],"wp:featuredmedia":[{"embeddable":true,"href":"https:\/\/shop.kustom.ch\/fr\/wp-json\/wp\/v2\/media\/248878"}],"wp:attachment":[{"href":"https:\/\/shop.kustom.ch\/fr\/wp-json\/wp\/v2\/media?parent=97194"}],"wp:term":[{"taxonomy":"product_brand","embeddable":true,"href":"https:\/\/shop.kustom.ch\/fr\/wp-json\/wp\/v2\/product_brand?post=97194"},{"taxonomy":"product_cat","embeddable":true,"href":"https:\/\/shop.kustom.ch\/fr\/wp-json\/wp\/v2\/product_cat?post=97194"},{"taxonomy":"product_tag","embeddable":true,"href":"https:\/\/shop.kustom.ch\/fr\/wp-json\/wp\/v2\/product_tag?post=97194"}],"curies":[{"name":"wp","href":"https:\/\/api.w.org\/{rel}","templated":true}]}}