{"id":97154,"date":"2024-03-20T17:00:41","date_gmt":"2024-03-20T16:00:41","guid":{"rendered":"https:\/\/kustomshop.kinsta.cloud\/produkt\/pro-control-impact-shorts-w\/"},"modified":"2026-03-27T15:10:24","modified_gmt":"2026-03-27T14:10:24","slug":"pro-control-impact-shorts-w","status":"publish","type":"product","link":"https:\/\/shop.kustom.ch\/fr\/produit\/pro-control-impact-shorts-w\/","title":{"rendered":"PRO Control Impact Short W"},"content":{"rendered":"<p>Le short Pro Control Impact est fabriqu\u00e9 dans un tissu tiss\u00e9, \u00e9lastique et hautement fonctionnel qui offre une libert\u00e9 de mouvement et une gestion efficace de la temp\u00e9rature corporelle pour des performances optimales. Ce short haut de gamme est dot\u00e9 d'un slip int\u00e9rieur, de fentes lat\u00e9rales, de poches, d'une taille \u00e9lastique et d'un grand espace pour le branding avec les logos du club, du sponsor ou de l'entreprise.<br \/>\n- Short en tissu stretch<br \/>\n-short court avec fentes et poches<br \/>\n-bande \u00e9lastique \u00e0 la taille<br \/>\n-emplacement pour les logos du club\/de l'entreprise<br \/>\n-respectueux de l'environnement<\/p>\n<p>Mat\u00e9riau : Corps : 90% polyester 10% \u00e9lasthanne Doublure : 84% polyester 16% \u00e9lasthanne<\/p>","protected":false},"excerpt":{"rendered":"<p>Die Pro Control Impact Shorts besteht aus einem gewebten, elastischen und hochfunktionellen Material, das Bewegungsfreiheit und effizientes K\u00f6rpertemperaturmanagement f\u00fcr optimale Leistung bietet. Diese Premium-Shorts verf\u00fcgen \u00fcber einen Innenslip, Seitenschlitze, Taschen, einen elastischen Bund und viel Platz f\u00fcr das Branding mit Club-, Sponsor-, oder Firmenlogos. \u2022 Shorts aus Stretchgewebe \u2022Kurze Shorts mit Schlitzen und Taschen \u2022Elastisches [&hellip;]<\/p>\n","protected":false},"featured_media":248872,"template":"","meta":[],"product_brand":[],"product_cat":[4198],"product_tag":[],"class_list":{"0":"post-97154","1":"product","2":"type-product","3":"status-publish","4":"has-post-thumbnail","6":"product_cat-shorts","7":"pa_brand-craft-teamwear","8":"pa_brand-type-sportswear","9":"pa_filter-color-blau","10":"pa_filter-color-schwarz","11":"pa_filter-color-weiss","13":"first","14":"instock","15":"sale","16":"taxable","17":"shipping-taxable","18":"purchasable","19":"product-type-variable","20":"add-to-wishlist-before_image"},"exclude_global_add_ons":[],"addons":[],"acf":[],"_links":{"self":[{"href":"https:\/\/shop.kustom.ch\/fr\/wp-json\/wp\/v2\/product\/97154"}],"collection":[{"href":"https:\/\/shop.kustom.ch\/fr\/wp-json\/wp\/v2\/product"}],"about":[{"href":"https:\/\/shop.kustom.ch\/fr\/wp-json\/wp\/v2\/types\/product"}],"wp:featuredmedia":[{"embeddable":true,"href":"https:\/\/shop.kustom.ch\/fr\/wp-json\/wp\/v2\/media\/248872"}],"wp:attachment":[{"href":"https:\/\/shop.kustom.ch\/fr\/wp-json\/wp\/v2\/media?parent=97154"}],"wp:term":[{"taxonomy":"product_brand","embeddable":true,"href":"https:\/\/shop.kustom.ch\/fr\/wp-json\/wp\/v2\/product_brand?post=97154"},{"taxonomy":"product_cat","embeddable":true,"href":"https:\/\/shop.kustom.ch\/fr\/wp-json\/wp\/v2\/product_cat?post=97154"},{"taxonomy":"product_tag","embeddable":true,"href":"https:\/\/shop.kustom.ch\/fr\/wp-json\/wp\/v2\/product_tag?post=97154"}],"curies":[{"name":"wp","href":"https:\/\/api.w.org\/{rel}","templated":true}]}}