{"id":97026,"date":"2024-03-20T17:00:08","date_gmt":"2024-03-20T16:00:08","guid":{"rendered":"https:\/\/kustomshop.kinsta.cloud\/produkt\/pro-control-impact-sl-m\/"},"modified":"2026-03-27T15:37:18","modified_gmt":"2026-03-27T14:37:18","slug":"pro-control-impact-sl-m","status":"publish","type":"product","link":"https:\/\/shop.kustom.ch\/fr\/produit\/pro-control-impact-sl-m\/","title":{"rendered":"PRO Control Impact SL M"},"content":{"rendered":"<p>Intensifie ton jeu avec ce haut sans manches de haute qualit\u00e9. Le Pro Control Impact SL, en mati\u00e8re l\u00e9g\u00e8re et respirante, est compos\u00e9 de pr\u00e8s de 100% de polyester recycl\u00e9 - pour une meilleure empreinte \u00e9cologique. En polyester l\u00e9ger, \u00e9lastique et recycl\u00e9, il offre une excellente respirabilit\u00e9, une bonne \u00e9vacuation de l'humidit\u00e9 et une libert\u00e9 de mouvement maximale. Des inserts en mesh assurent une meilleure a\u00e9ration. Beaucoup d'espace pour le branding avec le logo du club, du sponsor ou de l'entreprise.<br \/>\n- Mat\u00e9riau l\u00e9ger et respirant<br \/>\n-\u00e9l\u00e9ments en maille<br \/>\n-col \u00e9troit et poignets serr\u00e9s<br \/>\n-Coupe ajust\u00e9e<br \/>\n-Espace pour les logos du club\/de l'entreprise<br \/>\n-Sans manches<br \/>\n-respectueux de l'environnement<\/p>\n<p>Mat\u00e9riau : Corps avant : 100% polyester recycl\u00e9 Corps arri\u00e8re : 97% polyester recycl\u00e9 3% polyester<\/p>","protected":false},"excerpt":{"rendered":"<p>Intensiviere Dein Spiel mit diesem hochwertigen \u00e4rmellosen Oberteil. Das Pro Control Impact SL, aus leichtem, atmungsaktivem Material, besteht zu knapp 100% aus recyceltem Polyester &#8211; f\u00fcr einen besseren \u00f6kologischen Fussabdruck. Aus leichtem, elastischem und recyceltem Polyestergewege mit hervorragender Atmungsaktivit\u00e4t, Feuchtigkeitstransport und maximaler Bewegungsfreiheit. Mesh-Eins\u00e4tze sorgen f\u00fcr eine verbesserte Bel\u00fcftung. Viel Platz f\u00fcr das Branding mit [&hellip;]<\/p>\n","protected":false},"featured_media":248854,"template":"","meta":[],"product_brand":[],"product_cat":[4202],"product_tag":[],"class_list":{"0":"post-97026","1":"product","2":"type-product","3":"status-publish","4":"has-post-thumbnail","6":"product_cat-tank-tops","7":"pa_brand-craft-teamwear","8":"pa_brand-type-sportswear","9":"pa_filter-color-blau","10":"pa_filter-color-rot","11":"pa_filter-color-schwarz","12":"pa_filter-color-weiss","14":"first","15":"instock","16":"sale","17":"taxable","18":"shipping-taxable","19":"purchasable","20":"product-type-variable","21":"add-to-wishlist-before_image"},"exclude_global_add_ons":[],"addons":[],"acf":[],"_links":{"self":[{"href":"https:\/\/shop.kustom.ch\/fr\/wp-json\/wp\/v2\/product\/97026"}],"collection":[{"href":"https:\/\/shop.kustom.ch\/fr\/wp-json\/wp\/v2\/product"}],"about":[{"href":"https:\/\/shop.kustom.ch\/fr\/wp-json\/wp\/v2\/types\/product"}],"wp:featuredmedia":[{"embeddable":true,"href":"https:\/\/shop.kustom.ch\/fr\/wp-json\/wp\/v2\/media\/248854"}],"wp:attachment":[{"href":"https:\/\/shop.kustom.ch\/fr\/wp-json\/wp\/v2\/media?parent=97026"}],"wp:term":[{"taxonomy":"product_brand","embeddable":true,"href":"https:\/\/shop.kustom.ch\/fr\/wp-json\/wp\/v2\/product_brand?post=97026"},{"taxonomy":"product_cat","embeddable":true,"href":"https:\/\/shop.kustom.ch\/fr\/wp-json\/wp\/v2\/product_cat?post=97026"},{"taxonomy":"product_tag","embeddable":true,"href":"https:\/\/shop.kustom.ch\/fr\/wp-json\/wp\/v2\/product_tag?post=97026"}],"curies":[{"name":"wp","href":"https:\/\/api.w.org\/{rel}","templated":true}]}}