{"id":97000,"date":"2024-03-20T17:00:01","date_gmt":"2024-03-20T16:00:01","guid":{"rendered":"https:\/\/kustomshop.kinsta.cloud\/produkt\/pro-control-impact-ls-tee-jr\/"},"modified":"2026-03-27T15:39:15","modified_gmt":"2026-03-27T14:39:15","slug":"pro-control-impact-ls-tee-jr","status":"publish","type":"product","link":"https:\/\/shop.kustom.ch\/fr\/produit\/pro-control-impact-ls-tee-jr\/","title":{"rendered":"Tee Pro Control Impact LS Jr"},"content":{"rendered":"<p>Tu peux te faire remarquer avec ce t-shirt \u00e0 manches longues de haute qualit\u00e9, \u00e9cologique et performant. Le Pro Control Impact LS Tee en tissu polyester l\u00e9ger, \u00e9lastique et recycl\u00e9 offre une excellente respirabilit\u00e9, \u00e9vacuation de l'humidit\u00e9 et libert\u00e9 de mouvement. Avec des inserts en mesh pour une meilleure a\u00e9ration. Beaucoup de place pour le branding avec les logos de ton club, de ton sponsor ou de ton entreprise.<br \/>\n- Mat\u00e9riau l\u00e9ger et respirant<br \/>\n-\u00e9l\u00e9ments en maille<br \/>\n-col \u00e9troit et poignets serr\u00e9s<br \/>\n-manches ajust\u00e9es<br \/>\n-Espace pour les logos du club\/de l'entreprise<br \/>\n-+BQ4<\/p>\n<p>Mat\u00e9riau : Front body : 100% Polyester-recycl\u00e9 Back body : 97% Polyester-recycl\u00e9 3% Polyester<\/p>","protected":false},"excerpt":{"rendered":"<p>Mit diesem hochwertigen, umweltfreundlichen und leistungsstarken Langarm-T-Shirt kannst Du dich sehen lassen. Das Pro Control Impact LS Tee aus leichtem, elastischem und recyceltem Polyestergewebe bietet hervorragende Atmungsaktivit\u00e4t, Feuchtigkeitstransport und Bewegungsfreiheit. Mit Mesh-Eins\u00e4tzen f\u00fcr verbesserte Bel\u00fcftung. Viel Platz f\u00fcr das Branding mit deinen Club-, Sponsor-, oder Firmenlogos. \u2022 Leichtes, atmungsaktives Material \u2022Mesh-Elemente \u2022Enger Kragen und enge [&hellip;]<\/p>\n","protected":false},"featured_media":248849,"template":"","meta":[],"product_brand":[],"product_cat":[4201],"product_tag":[],"class_list":{"0":"post-97000","1":"product","2":"type-product","3":"status-publish","4":"has-post-thumbnail","6":"product_cat-t-shirts","7":"pa_brand-craft-teamwear","8":"pa_brand-type-sportswear","9":"pa_filter-color-blau","10":"pa_filter-color-rot","11":"pa_filter-color-schwarz","12":"pa_filter-color-weiss","14":"first","15":"instock","16":"sale","17":"taxable","18":"shipping-taxable","19":"purchasable","20":"product-type-variable","21":"add-to-wishlist-before_image"},"exclude_global_add_ons":[],"addons":[],"acf":[],"_links":{"self":[{"href":"https:\/\/shop.kustom.ch\/fr\/wp-json\/wp\/v2\/product\/97000"}],"collection":[{"href":"https:\/\/shop.kustom.ch\/fr\/wp-json\/wp\/v2\/product"}],"about":[{"href":"https:\/\/shop.kustom.ch\/fr\/wp-json\/wp\/v2\/types\/product"}],"wp:featuredmedia":[{"embeddable":true,"href":"https:\/\/shop.kustom.ch\/fr\/wp-json\/wp\/v2\/media\/248849"}],"wp:attachment":[{"href":"https:\/\/shop.kustom.ch\/fr\/wp-json\/wp\/v2\/media?parent=97000"}],"wp:term":[{"taxonomy":"product_brand","embeddable":true,"href":"https:\/\/shop.kustom.ch\/fr\/wp-json\/wp\/v2\/product_brand?post=97000"},{"taxonomy":"product_cat","embeddable":true,"href":"https:\/\/shop.kustom.ch\/fr\/wp-json\/wp\/v2\/product_cat?post=97000"},{"taxonomy":"product_tag","embeddable":true,"href":"https:\/\/shop.kustom.ch\/fr\/wp-json\/wp\/v2\/product_tag?post=97000"}],"curies":[{"name":"wp","href":"https:\/\/api.w.org\/{rel}","templated":true}]}}