{"id":96820,"date":"2024-03-20T16:59:16","date_gmt":"2024-03-20T15:59:16","guid":{"rendered":"https:\/\/kustomshop.kinsta.cloud\/produkt\/pro-control-impact-ss-tee-m\/"},"modified":"2026-03-27T15:38:02","modified_gmt":"2026-03-27T14:38:02","slug":"pro-control-impact-ss-tee-m","status":"publish","type":"product","link":"https:\/\/shop.kustom.ch\/fr\/produit\/pro-control-impact-ss-tee-m\/","title":{"rendered":"PRO Control Impact SS Tee M"},"content":{"rendered":"<p>Tu peux te faire remarquer avec ce t-shirt de haute qualit\u00e9, \u00e9cologique et performant. Le Pro Control Impact SS Tee en tissu polyester l\u00e9ger et \u00e9lastique, recycl\u00e9 \u00e0 pr\u00e8s de 100%, offre une excellente respirabilit\u00e9, une \u00e9vacuation de l'humidit\u00e9 et une libert\u00e9 de mouvement. Avec des inserts en mesh pour une meilleure ventilation. Beaucoup de place pour le branding avec les logos de ton club, de ton sponsor ou de ton entreprise.<br \/>\n- Mat\u00e9riau l\u00e9ger et respirant<br \/>\n-\u00e9l\u00e9ments en maille<br \/>\n-col \u00e9troit et poignets serr\u00e9s<br \/>\n-manches ajust\u00e9es<br \/>\n-Espace pour les logos du club\/de l'entreprise<br \/>\n-respectueux de l'environnement<\/p>\n<p>Mat\u00e9riau : Corps avant : 100% polyester recycl\u00e9 Corps arri\u00e8re : 97% polyester recycl\u00e9 3% polyester<\/p>","protected":false},"excerpt":{"rendered":"<p>Mit diesem hochwertigen, umweltfreundlichen und leistungsstarken T-Shirt kannst Du dich sehen lassen. Das Pro Control Impact SS Tee aus leichtem, elastischem und knapp 100% recyceltem Polyestergewebe bietet hervorragende Atmungsaktivit\u00e4t, Feuchtigkeitstransport und Bewegungsfreiheit. Mit Mesh-Eins\u00e4tzen f\u00fcr verbesserte Bel\u00fcftung. Viel Platz f\u00fcr das Branding mit deinen Club-, Sponsor-, oder Firmenlogos. \u2022 Leichtes, atmungsaktives Material \u2022Mesh-Elemente \u2022Enger Kragen [&hellip;]<\/p>\n","protected":false},"featured_media":248824,"template":"","meta":[],"product_brand":[],"product_cat":[4201],"product_tag":[],"class_list":{"0":"post-96820","1":"product","2":"type-product","3":"status-publish","4":"has-post-thumbnail","6":"product_cat-t-shirts","7":"pa_brand-craft-teamwear","8":"pa_brand-type-sportswear","9":"pa_filter-color-blau","10":"pa_filter-color-rot","11":"pa_filter-color-schwarz","12":"pa_filter-color-weiss","14":"first","15":"instock","16":"sale","17":"taxable","18":"shipping-taxable","19":"purchasable","20":"product-type-variable","21":"add-to-wishlist-before_image"},"exclude_global_add_ons":[],"addons":[],"acf":[],"_links":{"self":[{"href":"https:\/\/shop.kustom.ch\/fr\/wp-json\/wp\/v2\/product\/96820"}],"collection":[{"href":"https:\/\/shop.kustom.ch\/fr\/wp-json\/wp\/v2\/product"}],"about":[{"href":"https:\/\/shop.kustom.ch\/fr\/wp-json\/wp\/v2\/types\/product"}],"wp:featuredmedia":[{"embeddable":true,"href":"https:\/\/shop.kustom.ch\/fr\/wp-json\/wp\/v2\/media\/248824"}],"wp:attachment":[{"href":"https:\/\/shop.kustom.ch\/fr\/wp-json\/wp\/v2\/media?parent=96820"}],"wp:term":[{"taxonomy":"product_brand","embeddable":true,"href":"https:\/\/shop.kustom.ch\/fr\/wp-json\/wp\/v2\/product_brand?post=96820"},{"taxonomy":"product_cat","embeddable":true,"href":"https:\/\/shop.kustom.ch\/fr\/wp-json\/wp\/v2\/product_cat?post=96820"},{"taxonomy":"product_tag","embeddable":true,"href":"https:\/\/shop.kustom.ch\/fr\/wp-json\/wp\/v2\/product_tag?post=96820"}],"curies":[{"name":"wp","href":"https:\/\/api.w.org\/{rel}","templated":true}]}}