{"id":96700,"date":"2024-03-20T16:58:46","date_gmt":"2024-03-20T15:58:46","guid":{"rendered":"https:\/\/kustomshop.kinsta.cloud\/produkt\/storm-balance-tights-m\/"},"modified":"2026-03-27T14:00:39","modified_gmt":"2026-03-27T13:00:39","slug":"storm-balance-tights-m","status":"publish","type":"product","link":"https:\/\/shop.kustom.ch\/fr\/produit\/storm-balance-tights-m\/","title":{"rendered":"Collant Storm Balance M"},"content":{"rendered":"<p>Collant chaud avec une excellente coupe et une \u00e9vacuation optimale de l'humidit\u00e9.<\/p>\n<p>- Chaud et coupe-vent<br \/>\n- Mati\u00e8re \u00e9lastique et coupe-vent \u00e0 l'avant<br \/>\n- Des \u00e9l\u00e9ments de design font en sorte que tu sois vu dans l'obscurit\u00e9<br \/>\n- fente d'a\u00e9ration au genou<br \/>\n- Ceinture avec cordon de serrage<\/p>\n<p>Mat\u00e9riaux : Corps avant &amp; corps arri\u00e8re inf\u00e9rieur : Face : 100% Polyester Back : 100% PU. Corps sup\u00e9rieur arri\u00e8re : 100% Polyester Doublure : 100% polyester<\/p>","protected":false},"excerpt":{"rendered":"<p>Warme Tights mit hervorragender Passform und optimalem Feuchtigkeitsabtransport. \u2022 Warm und windabweisend \u2022 Elastisches, winddichtes Material vorne \u2022 Design-Elemente sorgen daf\u00fcr, dass du im Dunkeln gesehen wirst \u2022 Bel\u00fcftungsschlitz am Knie \u2022 Bund mit Kordelzug Material: Front body &amp; Lower back body: Face: 100% Polyester Back: 100% PU. Upper back body: 100% Polyester Lining: 100% [&hellip;]<\/p>\n","protected":false},"featured_media":248807,"template":"","meta":[],"product_brand":[],"product_cat":[4185,4190],"product_tag":[],"class_list":{"0":"post-96700","1":"product","2":"type-product","3":"status-publish","4":"has-post-thumbnail","6":"product_cat-hosen","7":"product_cat-leggings","8":"pa_brand-craft-retail-sportswear","9":"pa_brand-type-sportswear","10":"pa_filter-color-blau","11":"pa_filter-color-schwarz","13":"first","14":"instock","15":"sale","16":"taxable","17":"shipping-taxable","18":"purchasable","19":"product-type-variable","20":"add-to-wishlist-before_image"},"exclude_global_add_ons":[],"addons":[],"acf":[],"_links":{"self":[{"href":"https:\/\/shop.kustom.ch\/fr\/wp-json\/wp\/v2\/product\/96700"}],"collection":[{"href":"https:\/\/shop.kustom.ch\/fr\/wp-json\/wp\/v2\/product"}],"about":[{"href":"https:\/\/shop.kustom.ch\/fr\/wp-json\/wp\/v2\/types\/product"}],"wp:featuredmedia":[{"embeddable":true,"href":"https:\/\/shop.kustom.ch\/fr\/wp-json\/wp\/v2\/media\/248807"}],"wp:attachment":[{"href":"https:\/\/shop.kustom.ch\/fr\/wp-json\/wp\/v2\/media?parent=96700"}],"wp:term":[{"taxonomy":"product_brand","embeddable":true,"href":"https:\/\/shop.kustom.ch\/fr\/wp-json\/wp\/v2\/product_brand?post=96700"},{"taxonomy":"product_cat","embeddable":true,"href":"https:\/\/shop.kustom.ch\/fr\/wp-json\/wp\/v2\/product_cat?post=96700"},{"taxonomy":"product_tag","embeddable":true,"href":"https:\/\/shop.kustom.ch\/fr\/wp-json\/wp\/v2\/product_tag?post=96700"}],"curies":[{"name":"wp","href":"https:\/\/api.w.org\/{rel}","templated":true}]}}