{"id":96523,"date":"2024-03-20T16:57:52","date_gmt":"2024-03-20T15:57:52","guid":{"rendered":"https:\/\/kustomshop.kinsta.cloud\/produkt\/lt-down-vest-w\/"},"modified":"2026-03-27T14:28:05","modified_gmt":"2026-03-27T13:28:05","slug":"lt-down-vest-w","status":"publish","type":"product","link":"https:\/\/shop.kustom.ch\/fr\/produit\/lt-down-vest-w\/","title":{"rendered":"Gilet Lt down W"},"content":{"rendered":"<p>Gilet en duvet extra l\u00e9ger et chaud avec capuche pr\u00e9form\u00e9e et deux poches lat\u00e9rales zipp\u00e9es.<br \/>\n- Canaux coll\u00e9s<br \/>\n- Deux poches lat\u00e9rales avec fermeture \u00e9clair<br \/>\n- Capuche moul\u00e9e et ajust\u00e9e<\/p>\n<p>Mat\u00e9riau : corps : 100% polyamide, rembourrage : 90% duvet 10% plumes, doublure : 100% polyamide<\/p>","protected":false},"excerpt":{"rendered":"<p>Extra leichte, w\u00e4rmende Daunenweste mit vorgeformter Kapuze und zwei Seitentaschen mit Reissverschluss. \u2022 Geklebte Kan\u00e4le \u2022 Zwei Seitentaschen mit Reissverschluss \u2022 Eng anliegende, geformte Kapuze Material: K\u00f6rper: 100% Polyamid, Wattierung: 90% Daune 10% Federn, Futter: 100% Polyamid<\/p>","protected":false},"featured_media":248780,"template":"","meta":[],"product_brand":[],"product_cat":[4186],"product_tag":[],"class_list":{"0":"post-96523","1":"product","2":"type-product","3":"status-publish","4":"has-post-thumbnail","6":"product_cat-jacken","7":"pa_brand-craft-retail-sportswear","8":"pa_brand-type-sportswear","9":"pa_filter-color-schwarz","11":"first","12":"instock","13":"sale","14":"taxable","15":"shipping-taxable","16":"purchasable","17":"product-type-variable","18":"add-to-wishlist-before_image"},"exclude_global_add_ons":[],"addons":[],"acf":[],"_links":{"self":[{"href":"https:\/\/shop.kustom.ch\/fr\/wp-json\/wp\/v2\/product\/96523"}],"collection":[{"href":"https:\/\/shop.kustom.ch\/fr\/wp-json\/wp\/v2\/product"}],"about":[{"href":"https:\/\/shop.kustom.ch\/fr\/wp-json\/wp\/v2\/types\/product"}],"wp:featuredmedia":[{"embeddable":true,"href":"https:\/\/shop.kustom.ch\/fr\/wp-json\/wp\/v2\/media\/248780"}],"wp:attachment":[{"href":"https:\/\/shop.kustom.ch\/fr\/wp-json\/wp\/v2\/media?parent=96523"}],"wp:term":[{"taxonomy":"product_brand","embeddable":true,"href":"https:\/\/shop.kustom.ch\/fr\/wp-json\/wp\/v2\/product_brand?post=96523"},{"taxonomy":"product_cat","embeddable":true,"href":"https:\/\/shop.kustom.ch\/fr\/wp-json\/wp\/v2\/product_cat?post=96523"},{"taxonomy":"product_tag","embeddable":true,"href":"https:\/\/shop.kustom.ch\/fr\/wp-json\/wp\/v2\/product_tag?post=96523"}],"curies":[{"name":"wp","href":"https:\/\/api.w.org\/{rel}","templated":true}]}}