{"id":96407,"date":"2024-03-20T16:57:21","date_gmt":"2024-03-20T15:57:21","guid":{"rendered":"https:\/\/kustomshop.kinsta.cloud\/produkt\/block-shell-jkt-w\/"},"modified":"2026-03-27T14:46:10","modified_gmt":"2026-03-27T13:46:10","slug":"block-shell-jkt-w","status":"publish","type":"product","link":"https:\/\/shop.kustom.ch\/fr\/produit\/block-shell-jkt-w\/","title":{"rendered":"Block shell jkt W"},"content":{"rendered":"<p>Veste 3 couches polyvalente en mat\u00e9riau imperm\u00e9able au vent et \u00e0 l'eau avec coutures enti\u00e8rement soud\u00e9es. <\/p>\n<p>- Veste 3 couches avec coutures enti\u00e8rement scell\u00e9es<br \/>\n- poche int\u00e9rieure avec fermeture \u00e9clair cach\u00e9e<br \/>\n- Fermetures \u00e0 glissi\u00e8re hydrofuges<br \/>\n- WP : 7000 MVP : 7000<br \/>\n- Coutures tapiss\u00e9es<\/p>\n<p>Mat\u00e9riau : polyester 100%<\/p>","protected":false},"excerpt":{"rendered":"<p>Vielseitige 3-Lagen Jacke aus wind- und wasserdichtem Material mit vollst\u00e4ndig getapten N\u00e4hten. \u2022 3-Lagen Jacke mit vollst\u00e4ndig getapten N\u00e4hten \u2022 Innentasche mit verdecktem Reissverschluss \u2022 Wasserabweisende Reissverschl\u00fcsse \u2022 WP: 7000 MVP: 7000 \u2022 Getapte N\u00e4hte Material: 100% Polyester<\/p>","protected":false},"featured_media":248765,"template":"","meta":[],"product_brand":[],"product_cat":[4186],"product_tag":[],"class_list":{"0":"post-96407","1":"product","2":"type-product","3":"status-publish","4":"has-post-thumbnail","6":"product_cat-jacken","7":"pa_brand-craft-retail-sportswear","8":"pa_brand-type-sportswear","9":"pa_filter-color-blau","10":"pa_filter-color-grau","11":"pa_filter-color-gruen","12":"pa_filter-color-orange","13":"pa_filter-color-schwarz","14":"pa_filter-color-weiss","16":"first","17":"instock","18":"sale","19":"taxable","20":"shipping-taxable","21":"purchasable","22":"product-type-variable","23":"add-to-wishlist-before_image"},"exclude_global_add_ons":[],"addons":[],"acf":[],"_links":{"self":[{"href":"https:\/\/shop.kustom.ch\/fr\/wp-json\/wp\/v2\/product\/96407"}],"collection":[{"href":"https:\/\/shop.kustom.ch\/fr\/wp-json\/wp\/v2\/product"}],"about":[{"href":"https:\/\/shop.kustom.ch\/fr\/wp-json\/wp\/v2\/types\/product"}],"wp:featuredmedia":[{"embeddable":true,"href":"https:\/\/shop.kustom.ch\/fr\/wp-json\/wp\/v2\/media\/248765"}],"wp:attachment":[{"href":"https:\/\/shop.kustom.ch\/fr\/wp-json\/wp\/v2\/media?parent=96407"}],"wp:term":[{"taxonomy":"product_brand","embeddable":true,"href":"https:\/\/shop.kustom.ch\/fr\/wp-json\/wp\/v2\/product_brand?post=96407"},{"taxonomy":"product_cat","embeddable":true,"href":"https:\/\/shop.kustom.ch\/fr\/wp-json\/wp\/v2\/product_cat?post=96407"},{"taxonomy":"product_tag","embeddable":true,"href":"https:\/\/shop.kustom.ch\/fr\/wp-json\/wp\/v2\/product_tag?post=96407"}],"curies":[{"name":"wp","href":"https:\/\/api.w.org\/{rel}","templated":true}]}}