{"id":96164,"date":"2024-03-20T16:55:54","date_gmt":"2024-03-20T15:55:54","guid":{"rendered":"https:\/\/kustomshop.kinsta.cloud\/produkt\/microfleece-ponytail-hat\/"},"modified":"2026-03-27T13:52:17","modified_gmt":"2026-03-27T12:52:17","slug":"microfleece-ponytail-hat","status":"publish","type":"product","link":"https:\/\/shop.kustom.ch\/fr\/produit\/microfleece-ponytail-hat\/","title":{"rendered":"Microfleece ponytail Hat"},"content":{"rendered":"<p>Casquette douce en stretch avec jersey gratt\u00e9 \u00e0 l'avant, coupe ajust\u00e9e et ouverture en queue de cheval \u00e0 l'arri\u00e8re.<br \/>\n- Jersey doux et \u00e9lastique pour une tenue parfaite<br \/>\n- Jersey gratt\u00e9 sur le front pour plus de chaleur et de confort<br \/>\n- Ouverture de la queue de cheval \u00e0 l'arri\u00e8re<br \/>\n- Excellent maintien dans la partie sup\u00e9rieure<\/p>\n<p>Mati\u00e8re : 90% polyester 10% \u00e9lasthanne<\/p>","protected":false},"excerpt":{"rendered":"<p>Weiche Stretch-M\u00fctze mit angerautem Jersey vorne, enger Passform und Pferdeschwanz-\u00d6ffnung hinten. \u2022 Weicher, elastischer Jersey f\u00fcr perfekten Sitz \u2022 Angerauter Jersey an der Stirn f\u00fcr zus\u00e4tzliche W\u00e4rme und erh\u00f6hten Tragekomfort \u2022 Pferdeschwanz-\u00d6ffnung hinten \u2022 Hervorragender Halt im oberen Bereich Material: 90% Polyester 10% Elastan<\/p>","protected":false},"featured_media":248728,"template":"","meta":[],"product_brand":[],"product_cat":[9643,4177],"product_tag":[],"class_list":{"0":"post-96164","1":"product","2":"type-product","3":"status-publish","4":"has-post-thumbnail","6":"product_cat-equipment","7":"product_cat-caps-muetzen","8":"pa_brand-craft-retail-sportswear","9":"pa_brand-type-sportswear","10":"pa_filter-color-blau","11":"pa_filter-color-rot","13":"first","14":"instock","15":"sale","16":"taxable","17":"shipping-taxable","18":"purchasable","19":"product-type-variable","20":"add-to-wishlist-before_image"},"exclude_global_add_ons":[],"addons":[],"acf":[],"_links":{"self":[{"href":"https:\/\/shop.kustom.ch\/fr\/wp-json\/wp\/v2\/product\/96164"}],"collection":[{"href":"https:\/\/shop.kustom.ch\/fr\/wp-json\/wp\/v2\/product"}],"about":[{"href":"https:\/\/shop.kustom.ch\/fr\/wp-json\/wp\/v2\/types\/product"}],"wp:featuredmedia":[{"embeddable":true,"href":"https:\/\/shop.kustom.ch\/fr\/wp-json\/wp\/v2\/media\/248728"}],"wp:attachment":[{"href":"https:\/\/shop.kustom.ch\/fr\/wp-json\/wp\/v2\/media?parent=96164"}],"wp:term":[{"taxonomy":"product_brand","embeddable":true,"href":"https:\/\/shop.kustom.ch\/fr\/wp-json\/wp\/v2\/product_brand?post=96164"},{"taxonomy":"product_cat","embeddable":true,"href":"https:\/\/shop.kustom.ch\/fr\/wp-json\/wp\/v2\/product_cat?post=96164"},{"taxonomy":"product_tag","embeddable":true,"href":"https:\/\/shop.kustom.ch\/fr\/wp-json\/wp\/v2\/product_tag?post=96164"}],"curies":[{"name":"wp","href":"https:\/\/api.w.org\/{rel}","templated":true}]}}