{"id":96150,"date":"2024-03-20T16:55:46","date_gmt":"2024-03-20T15:55:46","guid":{"rendered":"https:\/\/kustomshop.kinsta.cloud\/produkt\/xc-warm-sock\/"},"modified":"2026-03-27T13:24:18","modified_gmt":"2026-03-27T12:24:18","slug":"xc-warm-sock","status":"publish","type":"product","link":"https:\/\/shop.kustom.ch\/fr\/produit\/xc-warm-sock\/","title":{"rendered":"Chaussette chaude XC"},"content":{"rendered":"<p>Chaussettes XC pour les jours froids avec une protection \u00e9lastique de la vo\u00fbte plantaire et un excellent transfert d'humidit\u00e9.<\/p>\n<p>- Coupe ergonomique pour pied gauche et droit<br \/>\n- Fil en polypropyl\u00e8ne pour une \u00e9vacuation efficace de l'humidit\u00e9<br \/>\n- Protection \u00e9lastique de la vo\u00fbte plantaire pour un meilleur maintien et une assise optimale<\/p>\n<p>Mati\u00e8re : 48% polyamide 35% polyester 15% laine 2% \u00e9lasthanne<\/p>","protected":false},"excerpt":{"rendered":"<p>XC Socken f\u00fcr kalte Tage mit elastischem Fussgew\u00f6lbeschutz und hervorragendem Feuchtigkeitstransport. \u2022 Ergonomische Passform f\u00fcr linken und rechten Fuss \u2022 Polypropylengarn f\u00fcr einen effizienten Feuchtigkeitstransport \u2022 Elastischer Fussgew\u00f6lbeschutz f\u00fcr besseren Halt und optimalen Sitz Material: 48% Polyamide 35% Polyester 15% Wool 2% Elastane<\/p>","protected":false},"featured_media":248726,"template":"","meta":[],"product_brand":[],"product_cat":[4199],"product_tag":[],"class_list":{"0":"post-96150","1":"product","2":"type-product","3":"status-publish","4":"has-post-thumbnail","6":"product_cat-socken","7":"pa_brand-craft-retail-sportswear","8":"pa_brand-type-sportswear","9":"pa_filter-color-grau","10":"pa_filter-color-weiss","12":"first","13":"instock","14":"sale","15":"taxable","16":"shipping-taxable","17":"purchasable","18":"product-type-variable","19":"add-to-wishlist-before_image"},"exclude_global_add_ons":[],"addons":[],"acf":[],"_links":{"self":[{"href":"https:\/\/shop.kustom.ch\/fr\/wp-json\/wp\/v2\/product\/96150"}],"collection":[{"href":"https:\/\/shop.kustom.ch\/fr\/wp-json\/wp\/v2\/product"}],"about":[{"href":"https:\/\/shop.kustom.ch\/fr\/wp-json\/wp\/v2\/types\/product"}],"wp:featuredmedia":[{"embeddable":true,"href":"https:\/\/shop.kustom.ch\/fr\/wp-json\/wp\/v2\/media\/248726"}],"wp:attachment":[{"href":"https:\/\/shop.kustom.ch\/fr\/wp-json\/wp\/v2\/media?parent=96150"}],"wp:term":[{"taxonomy":"product_brand","embeddable":true,"href":"https:\/\/shop.kustom.ch\/fr\/wp-json\/wp\/v2\/product_brand?post=96150"},{"taxonomy":"product_cat","embeddable":true,"href":"https:\/\/shop.kustom.ch\/fr\/wp-json\/wp\/v2\/product_cat?post=96150"},{"taxonomy":"product_tag","embeddable":true,"href":"https:\/\/shop.kustom.ch\/fr\/wp-json\/wp\/v2\/product_tag?post=96150"}],"curies":[{"name":"wp","href":"https:\/\/api.w.org\/{rel}","templated":true}]}}