{"id":96101,"date":"2024-03-20T16:55:28","date_gmt":"2024-03-20T15:55:28","guid":{"rendered":"https:\/\/kustomshop.kinsta.cloud\/produkt\/all-weather-glove\/"},"modified":"2026-03-27T13:28:17","modified_gmt":"2026-03-27T12:28:17","slug":"all-weather-glove","status":"publish","type":"product","link":"https:\/\/shop.kustom.ch\/fr\/produit\/all-weather-glove\/","title":{"rendered":"Gant tout temps"},"content":{"rendered":"<p>Gants chauds, coupe-vent et imperm\u00e9ables avec doublure en polaire et rev\u00eatement en silicone sur la paume de la main.<br \/>\n- Mat\u00e9riau ext\u00e9rieur r\u00e9sistant au vent et \u00e0 l'eau<br \/>\n- Doublure en polaire pour une chaleur optimale<br \/>\n- Mat\u00e9riau Softshell doux et d\u00e9perlant sur la paume des mains<br \/>\n- rev\u00eatement en silicone sur la paume de la main pour une adh\u00e9rence optimale<br \/>\n- Coupe ergonomique<br \/>\n- Tissu \u00e9ponge doux pour le pouce<br \/>\n- Impression r\u00e9fl\u00e9chissante<\/p>\n<p>Mat\u00e9riau : Backhand : 65% polyamide 35% polyester, Palm : 100% polyester<\/p>","protected":false},"excerpt":{"rendered":"<p>Warme, wind- und wasserfeste Handschuhe mit Fleece-Futter und Silikonbeschichtung auf den Handinnenseiten. \u2022 Wind- und wasserfestes Aussenmaterial \u2022 Fleece-Futter f\u00fcr optimale W\u00e4rme \u2022 Weiches, wasserabweisendes Softshell-Material auf den Handinnenseiten \u2022 Silikonbeschichtung auf den Handinnenseiten f\u00fcr optimalen Grip \u2022 Ergonomische Passform \u2022 Weiches Frottee beim Daumen \u2022 Reflektierender Print Material: Backhand: 65% Polyamid 35% Polyester, Palm: [&hellip;]<\/p>\n","protected":false},"featured_media":248720,"template":"","meta":[],"product_brand":[],"product_cat":[9643,4209],"product_tag":[],"class_list":{"0":"post-96101","1":"product","2":"type-product","3":"status-publish","4":"has-post-thumbnail","6":"product_cat-equipment","7":"product_cat-zubehoer","8":"pa_brand-craft-retail-sportswear","9":"pa_brand-type-sportswear","10":"pa_filter-color-schwarz","12":"first","13":"instock","14":"sale","15":"taxable","16":"shipping-taxable","17":"purchasable","18":"product-type-variable","19":"add-to-wishlist-before_image"},"exclude_global_add_ons":[],"addons":[],"acf":[],"_links":{"self":[{"href":"https:\/\/shop.kustom.ch\/fr\/wp-json\/wp\/v2\/product\/96101"}],"collection":[{"href":"https:\/\/shop.kustom.ch\/fr\/wp-json\/wp\/v2\/product"}],"about":[{"href":"https:\/\/shop.kustom.ch\/fr\/wp-json\/wp\/v2\/types\/product"}],"wp:featuredmedia":[{"embeddable":true,"href":"https:\/\/shop.kustom.ch\/fr\/wp-json\/wp\/v2\/media\/248720"}],"wp:attachment":[{"href":"https:\/\/shop.kustom.ch\/fr\/wp-json\/wp\/v2\/media?parent=96101"}],"wp:term":[{"taxonomy":"product_brand","embeddable":true,"href":"https:\/\/shop.kustom.ch\/fr\/wp-json\/wp\/v2\/product_brand?post=96101"},{"taxonomy":"product_cat","embeddable":true,"href":"https:\/\/shop.kustom.ch\/fr\/wp-json\/wp\/v2\/product_cat?post=96101"},{"taxonomy":"product_tag","embeddable":true,"href":"https:\/\/shop.kustom.ch\/fr\/wp-json\/wp\/v2\/product_tag?post=96101"}],"curies":[{"name":"wp","href":"https:\/\/api.w.org\/{rel}","templated":true}]}}