{"id":96092,"date":"2024-03-20T16:55:24","date_gmt":"2024-03-20T15:55:24","guid":{"rendered":"https:\/\/kustomshop.kinsta.cloud\/produkt\/storm-balance-jacket-w\/"},"modified":"2026-03-27T13:52:14","modified_gmt":"2026-03-27T12:52:14","slug":"storm-balance-jacket-w","status":"publish","type":"product","link":"https:\/\/shop.kustom.ch\/fr\/produit\/storm-balance-jacket-w\/","title":{"rendered":"Veste Storm Balance W"},"content":{"rendered":"<p>Veste chaude en mat\u00e9riau recycl\u00e9 avec face avant coupe-vent et manches pr\u00e9form\u00e9es.<br \/>\n- Tissu \u00e9lastique, l\u00e9ger et coupe-vent \u00e0 l'avant et \u00e0 l'arri\u00e8re, 50 % polyester recycl\u00e9<br \/>\n- Polaire gratt\u00e9e en polyester recycl\u00e9 100 %<br \/>\n- Rembourrage l\u00e9ger \u00e0 l'avant et \u00e0 l'arri\u00e8re pour une chaleur suppl\u00e9mentaire et un confort accru<br \/>\n- Manches pr\u00e9form\u00e9es<br \/>\n- Bandes et impressions r\u00e9fl\u00e9chissantes \u00e0 l'avant et \u00e0 l'arri\u00e8re<br \/>\n- Deux poches avant avec fermeture \u00e9clair<br \/>\n- polaire flex gratt\u00e9e \u00e0 l'int\u00e9rieur du col<\/p>\n<p>Mat\u00e9riau : Front body &amp; Sleeves : Face : 100% polyester recycl\u00e9 Back : 100% polyur\u00e9thane Rembourrage : 100% polyester Doublure : 100% polyester Back body : 100% polyester recycl\u00e9<\/p>","protected":false},"excerpt":{"rendered":"<p>Warme Jacke aus Recycling-Material mit winddichter Vorderseite und vorgeformten \u00c4rmeln. \u2022 Elastisches, leichtes, winddichtes Material vorne und hinten, 50\u00a0% Recyclingpolyester \u2022 Angerautes Fleece aus 100\u00a0% Recyclingpolyester \u2022 Leichte Polsterung vorne und hinten f\u00fcr zus\u00e4tzliche W\u00e4rme und erh\u00f6hten Komfort \u2022 Vorgeformte \u00c4rmel \u2022 Reflektierende Streifen und Prints vorne und hinten \u2022 Zwei Fronttaschen mit Reissverschluss \u2022 [&hellip;]<\/p>\n","protected":false},"featured_media":248719,"template":"","meta":[],"product_brand":[],"product_cat":[4186],"product_tag":[],"class_list":{"0":"post-96092","1":"product","2":"type-product","3":"status-publish","4":"has-post-thumbnail","6":"product_cat-jacken","7":"pa_brand-craft-retail-sportswear","8":"pa_brand-type-sportswear","9":"pa_filter-color-blau","10":"pa_filter-color-pink","12":"first","13":"instock","14":"sale","15":"taxable","16":"shipping-taxable","17":"purchasable","18":"product-type-variable","19":"add-to-wishlist-before_image"},"exclude_global_add_ons":[],"addons":[],"acf":[],"_links":{"self":[{"href":"https:\/\/shop.kustom.ch\/fr\/wp-json\/wp\/v2\/product\/96092"}],"collection":[{"href":"https:\/\/shop.kustom.ch\/fr\/wp-json\/wp\/v2\/product"}],"about":[{"href":"https:\/\/shop.kustom.ch\/fr\/wp-json\/wp\/v2\/types\/product"}],"wp:featuredmedia":[{"embeddable":true,"href":"https:\/\/shop.kustom.ch\/fr\/wp-json\/wp\/v2\/media\/248719"}],"wp:attachment":[{"href":"https:\/\/shop.kustom.ch\/fr\/wp-json\/wp\/v2\/media?parent=96092"}],"wp:term":[{"taxonomy":"product_brand","embeddable":true,"href":"https:\/\/shop.kustom.ch\/fr\/wp-json\/wp\/v2\/product_brand?post=96092"},{"taxonomy":"product_cat","embeddable":true,"href":"https:\/\/shop.kustom.ch\/fr\/wp-json\/wp\/v2\/product_cat?post=96092"},{"taxonomy":"product_tag","embeddable":true,"href":"https:\/\/shop.kustom.ch\/fr\/wp-json\/wp\/v2\/product_tag?post=96092"}],"curies":[{"name":"wp","href":"https:\/\/api.w.org\/{rel}","templated":true}]}}