{"id":96083,"date":"2024-03-20T16:55:19","date_gmt":"2024-03-20T15:55:19","guid":{"rendered":"https:\/\/kustomshop.kinsta.cloud\/produkt\/pursuit-pants-w\/"},"modified":"2026-03-27T13:31:42","modified_gmt":"2026-03-27T12:31:42","slug":"pursuit-pants-w","status":"publish","type":"product","link":"https:\/\/shop.kustom.ch\/fr\/produit\/pursuit-pants-w\/","title":{"rendered":"Pursuit Pants W"},"content":{"rendered":"<p>Pantalon de ski coupe-vent et d\u00e9perlant avec une coupe ajust\u00e9e, des zones climatiques sp\u00e9ciales et un jersey gratt\u00e9.<\/p>\n<p>- jersey 3L doux, l\u00e9ger, respirant, coupe-vent et d\u00e9perlant<br \/>\n- Jersey gratt\u00e9 sur l'empi\u00e8cement arri\u00e8re et genoux pr\u00e9form\u00e9s pour une meilleure r\u00e9gulation de l'humidit\u00e9<br \/>\n- Fermeture \u00e0 glissi\u00e8re dissimul\u00e9e au bas des jambes<br \/>\n- pinces sur les genoux pour un look sportif<br \/>\n- Ceinture souple et \u00e9lastique avec cordon de serrage int\u00e9gr\u00e9<\/p>\n<p>Mat\u00e9riau : Front body &amp; Upper back body : Face 100% Polyester Mid 100% PU Back 100% Polyester Lower back body : 83% Polyester 17% Elastane<\/p>","protected":false},"excerpt":{"rendered":"<p>Wind- und wasserabweisende Skihose mit enger Passform, speziellen Klimazonen und angerautem Jersey. \u2022 Weicher, leichter, atmungsaktiver, wind- und wasserabweisender 3L-Jersey \u2022 Angerauter Jersey am hinteren Einsatz und vorgeformten Knie f\u00fcr eine bessere Feuchtigkeitsregulierung \u2022 Verdeckter Reissverschluss an den Beinenden \u2022 Abn\u00e4her an den Knien f\u00fcr sportlichen Look \u2022 Weicher, elastischer H\u00fcftbund mit integriertem Kordelzug Material: [&hellip;]<\/p>\n","protected":false},"featured_media":248718,"template":"","meta":[],"product_brand":[],"product_cat":[4185],"product_tag":[],"class_list":{"0":"post-96083","1":"product","2":"type-product","3":"status-publish","4":"has-post-thumbnail","6":"product_cat-hosen","7":"pa_brand-craft-retail-sportswear","8":"pa_brand-type-sportswear","9":"pa_filter-color-schwarz","11":"first","12":"instock","13":"sale","14":"taxable","15":"shipping-taxable","16":"purchasable","17":"product-type-variable","18":"add-to-wishlist-before_image"},"exclude_global_add_ons":[],"addons":[],"acf":[],"_links":{"self":[{"href":"https:\/\/shop.kustom.ch\/fr\/wp-json\/wp\/v2\/product\/96083"}],"collection":[{"href":"https:\/\/shop.kustom.ch\/fr\/wp-json\/wp\/v2\/product"}],"about":[{"href":"https:\/\/shop.kustom.ch\/fr\/wp-json\/wp\/v2\/types\/product"}],"wp:featuredmedia":[{"embeddable":true,"href":"https:\/\/shop.kustom.ch\/fr\/wp-json\/wp\/v2\/media\/248718"}],"wp:attachment":[{"href":"https:\/\/shop.kustom.ch\/fr\/wp-json\/wp\/v2\/media?parent=96083"}],"wp:term":[{"taxonomy":"product_brand","embeddable":true,"href":"https:\/\/shop.kustom.ch\/fr\/wp-json\/wp\/v2\/product_brand?post=96083"},{"taxonomy":"product_cat","embeddable":true,"href":"https:\/\/shop.kustom.ch\/fr\/wp-json\/wp\/v2\/product_cat?post=96083"},{"taxonomy":"product_tag","embeddable":true,"href":"https:\/\/shop.kustom.ch\/fr\/wp-json\/wp\/v2\/product_tag?post=96083"}],"curies":[{"name":"wp","href":"https:\/\/api.w.org\/{rel}","templated":true}]}}