{"id":96074,"date":"2024-03-20T16:55:16","date_gmt":"2024-03-20T15:55:16","guid":{"rendered":"https:\/\/kustomshop.kinsta.cloud\/produkt\/pursuit-pants-m\/"},"modified":"2026-03-27T13:51:59","modified_gmt":"2026-03-27T12:51:59","slug":"pursuit-pants-m","status":"publish","type":"product","link":"https:\/\/shop.kustom.ch\/fr\/produit\/pursuit-pants-m\/","title":{"rendered":"Pursuit Pants M"},"content":{"rendered":"<p>Pantalon de ski avec face avant coupe-vent et imperm\u00e9able et jersey gratt\u00e9 \u00e0 l'arri\u00e8re.<\/p>\n<p>- jersey 3L doux, l\u00e9ger, respirant, coupe-vent et d\u00e9perlant aux extr\u00e9mit\u00e9s des jambes \u00e0 l'avant et \u00e0 l'arri\u00e8re<br \/>\n- Jersey gratt\u00e9 \u00e0 l'arri\u00e8re pour une thermor\u00e9gulation optimale<br \/>\n- pinces aux genoux pour une forme sportive<br \/>\n- Fermeture \u00e0 glissi\u00e8re dissimul\u00e9e au bas des jambes<br \/>\n- Ceinture \u00e9lastique avec cordon de serrage int\u00e9gr\u00e9<\/p>\n<p>Mat\u00e9riau : Corps avant &amp; corps arri\u00e8re inf\u00e9rieur : Face 100% Polyester Mid 100% PU Back 100% Polyester Corps arri\u00e8re sup\u00e9rieur : 83% Polyester 17% Elastane<\/p>","protected":false},"excerpt":{"rendered":"<p>Skihose mit wind- und wasserabweisender Vorderseite und angerautem Jersey hinten. \u2022 Weicher, leichter, atmungsaktiver, wind- und wasserabweisender 3L-Jersey an den Beinenden vorne und hinten \u2022 Angerauter Jersey hinten f\u00fcr optimale Thermoregulierung \u2022 Abn\u00e4her an den Knien f\u00fcr sportliche Form \u2022 Verdeckter Reissverschluss an den Beinenden \u2022 Elastischer H\u00fcftbund mit integriertem Kordelzug Material: Front body &amp; [&hellip;]<\/p>\n","protected":false},"featured_media":248717,"template":"","meta":[],"product_brand":[],"product_cat":[4185],"product_tag":[],"class_list":{"0":"post-96074","1":"product","2":"type-product","3":"status-publish","4":"has-post-thumbnail","6":"product_cat-hosen","7":"pa_brand-craft-retail-sportswear","8":"pa_brand-type-sportswear","9":"pa_filter-color-schwarz","11":"first","12":"instock","13":"sale","14":"taxable","15":"shipping-taxable","16":"purchasable","17":"product-type-variable","18":"add-to-wishlist-before_image"},"exclude_global_add_ons":[],"addons":[],"acf":[],"_links":{"self":[{"href":"https:\/\/shop.kustom.ch\/fr\/wp-json\/wp\/v2\/product\/96074"}],"collection":[{"href":"https:\/\/shop.kustom.ch\/fr\/wp-json\/wp\/v2\/product"}],"about":[{"href":"https:\/\/shop.kustom.ch\/fr\/wp-json\/wp\/v2\/types\/product"}],"wp:featuredmedia":[{"embeddable":true,"href":"https:\/\/shop.kustom.ch\/fr\/wp-json\/wp\/v2\/media\/248717"}],"wp:attachment":[{"href":"https:\/\/shop.kustom.ch\/fr\/wp-json\/wp\/v2\/media?parent=96074"}],"wp:term":[{"taxonomy":"product_brand","embeddable":true,"href":"https:\/\/shop.kustom.ch\/fr\/wp-json\/wp\/v2\/product_brand?post=96074"},{"taxonomy":"product_cat","embeddable":true,"href":"https:\/\/shop.kustom.ch\/fr\/wp-json\/wp\/v2\/product_cat?post=96074"},{"taxonomy":"product_tag","embeddable":true,"href":"https:\/\/shop.kustom.ch\/fr\/wp-json\/wp\/v2\/product_tag?post=96074"}],"curies":[{"name":"wp","href":"https:\/\/api.w.org\/{rel}","templated":true}]}}