{"id":96046,"date":"2024-03-20T16:55:05","date_gmt":"2024-03-20T15:55:05","guid":{"rendered":"https:\/\/kustomshop.kinsta.cloud\/produkt\/rush-zip-tights-w\/"},"modified":"2026-03-27T15:22:30","modified_gmt":"2026-03-27T14:22:30","slug":"rush-zip-tights-w","status":"publish","type":"product","link":"https:\/\/shop.kustom.ch\/fr\/produit\/rush-zip-tights-w\/","title":{"rendered":"Corsaire Rush Zip W"},"content":{"rendered":"<p>Collant en mati\u00e8re l\u00e9g\u00e8re et \u00e9lastique avec une \u00e9vacuation optimale de l'humidit\u00e9 et une excellente libert\u00e9 de mouvement. Fermetures \u00e0 glissi\u00e8re au bas des jambes pour un enfilage et un retrait faciles. Parfait pour le branding avec le logo du club, du sponsor ou de l'entreprise.<\/p>\n<p>Mati\u00e8re : 86% polyester recycl\u00e9 14% \u00e9lasthanne<\/p>","protected":false},"excerpt":{"rendered":"<p>Tights aus leichtem, elastischem Material mit optimalem Feuchtigkeitsabtransport und hervorragender Bewegungsfreiheit. Reissverschl\u00fcsse an den Beinabschl\u00fcssen f\u00fcr leichtes An- und Ausziehen. Perfekt f\u00fcr das Branding mit Club-, Sponsor- oder Firmenlogos. Material: 86% Recycling-Polyester 14% Elasthan<\/p>","protected":false},"featured_media":248713,"template":"","meta":[],"product_brand":[],"product_cat":[4190],"product_tag":[],"class_list":{"0":"post-96046","1":"product","2":"type-product","3":"status-publish","4":"has-post-thumbnail","6":"product_cat-leggings","7":"pa_brand-craft-teamwear","8":"pa_brand-type-sportswear","9":"pa_filter-color-blau","10":"pa_filter-color-schwarz","12":"first","13":"instock","14":"sale","15":"taxable","16":"shipping-taxable","17":"purchasable","18":"product-type-variable","19":"add-to-wishlist-before_image"},"exclude_global_add_ons":[],"addons":[],"acf":[],"_links":{"self":[{"href":"https:\/\/shop.kustom.ch\/fr\/wp-json\/wp\/v2\/product\/96046"}],"collection":[{"href":"https:\/\/shop.kustom.ch\/fr\/wp-json\/wp\/v2\/product"}],"about":[{"href":"https:\/\/shop.kustom.ch\/fr\/wp-json\/wp\/v2\/types\/product"}],"wp:featuredmedia":[{"embeddable":true,"href":"https:\/\/shop.kustom.ch\/fr\/wp-json\/wp\/v2\/media\/248713"}],"wp:attachment":[{"href":"https:\/\/shop.kustom.ch\/fr\/wp-json\/wp\/v2\/media?parent=96046"}],"wp:term":[{"taxonomy":"product_brand","embeddable":true,"href":"https:\/\/shop.kustom.ch\/fr\/wp-json\/wp\/v2\/product_brand?post=96046"},{"taxonomy":"product_cat","embeddable":true,"href":"https:\/\/shop.kustom.ch\/fr\/wp-json\/wp\/v2\/product_cat?post=96046"},{"taxonomy":"product_tag","embeddable":true,"href":"https:\/\/shop.kustom.ch\/fr\/wp-json\/wp\/v2\/product_tag?post=96046"}],"curies":[{"name":"wp","href":"https:\/\/api.w.org\/{rel}","templated":true}]}}