{"id":96021,"date":"2024-03-20T16:54:56","date_gmt":"2024-03-20T15:54:56","guid":{"rendered":"https:\/\/kustomshop.kinsta.cloud\/produkt\/fuseknit-bike-boxer-m\/"},"modified":"2026-03-27T14:39:18","modified_gmt":"2026-03-27T13:39:18","slug":"fuseknit-bike-boxer-m","status":"publish","type":"product","link":"https:\/\/shop.kustom.ch\/fr\/produit\/fuseknit-bike-boxer-m\/","title":{"rendered":"Fuseknit Bike Boxer M"},"content":{"rendered":"<p>Short de biker \u00e9lastique avec une finition sans couture \u00e0 porter sous le short de v\u00e9lo.<\/p>\n<p>- Short de biker confortable et r\u00e9sistant \u00e0 l'abrasion \u00e0 enfiler sous un short large ou sous un cuissard de v\u00e9lo ou si un rembourrage suppl\u00e9mentaire est n\u00e9cessaire<br \/>\n- Mat\u00e9riau tr\u00e8s \u00e9lastique pour une tenue optimale et une libert\u00e9 de mouvement illimit\u00e9e<br \/>\n- Excellent transfert d'humidit\u00e9<br \/>\n- Design ergonomique pour un ajustement optimal en position de course<br \/>\n- Coussin d'assise pour homme Infinity C4<\/p>\n<p>Mati\u00e8re : 76% polyester -recycl\u00e9, 18% polyamide, 6% \u00e9lasthanne<\/p>","protected":false},"excerpt":{"rendered":"<p>Elastische Biker-Shorts mit nahtloser Verarbeitung zum Tragen unter der Radhose. &#8211; Bequeme, abriebfeste Biker-Shorts zum Anziehen unter weiten Shorts oder unter der Radhose oder bei Bedarf an zus\u00e4tzlicher Polsterung &#8211; Hochelastisches Material f\u00fcr einen optimalen Sitz und uneingeschr\u00e4nkte Bewegungsfreiheit &#8211; Hervorragender Feuchtigkeitstransport &#8211; Ergonomisches Design f\u00fcr einen optimalen Sitz in Rennposition &#8211; Herren-Sitzpolster Infinity C4 [&hellip;]<\/p>\n","protected":false},"featured_media":248710,"template":"","meta":[],"product_brand":[],"product_cat":[4198],"product_tag":[],"class_list":{"0":"post-96021","1":"product","2":"type-product","3":"status-publish","4":"has-post-thumbnail","6":"product_cat-shorts","7":"pa_brand-craft-retail-sportswear","8":"pa_brand-type-sportswear","9":"pa_filter-color-schwarz","11":"first","12":"instock","13":"sale","14":"taxable","15":"shipping-taxable","16":"purchasable","17":"product-type-variable","18":"add-to-wishlist-before_image"},"exclude_global_add_ons":[],"addons":[],"acf":[],"_links":{"self":[{"href":"https:\/\/shop.kustom.ch\/fr\/wp-json\/wp\/v2\/product\/96021"}],"collection":[{"href":"https:\/\/shop.kustom.ch\/fr\/wp-json\/wp\/v2\/product"}],"about":[{"href":"https:\/\/shop.kustom.ch\/fr\/wp-json\/wp\/v2\/types\/product"}],"wp:featuredmedia":[{"embeddable":true,"href":"https:\/\/shop.kustom.ch\/fr\/wp-json\/wp\/v2\/media\/248710"}],"wp:attachment":[{"href":"https:\/\/shop.kustom.ch\/fr\/wp-json\/wp\/v2\/media?parent=96021"}],"wp:term":[{"taxonomy":"product_brand","embeddable":true,"href":"https:\/\/shop.kustom.ch\/fr\/wp-json\/wp\/v2\/product_brand?post=96021"},{"taxonomy":"product_cat","embeddable":true,"href":"https:\/\/shop.kustom.ch\/fr\/wp-json\/wp\/v2\/product_cat?post=96021"},{"taxonomy":"product_tag","embeddable":true,"href":"https:\/\/shop.kustom.ch\/fr\/wp-json\/wp\/v2\/product_tag?post=96021"}],"curies":[{"name":"wp","href":"https:\/\/api.w.org\/{rel}","templated":true}]}}