{"id":95561,"date":"2024-03-20T16:52:49","date_gmt":"2024-03-20T15:52:49","guid":{"rendered":"https:\/\/kustomshop.kinsta.cloud\/produkt\/rush-wind-jkt-m\/"},"modified":"2026-03-27T14:59:48","modified_gmt":"2026-03-27T13:59:48","slug":"rush-wind-jkt-m","status":"publish","type":"product","link":"https:\/\/shop.kustom.ch\/fr\/produit\/rush-wind-jkt-m\/","title":{"rendered":"Rush Wind Jkt M"},"content":{"rendered":"<p>Veste coupe-vent l\u00e9g\u00e8re avec \u00e9vacuation efficace de l'humidit\u00e9. Fermeture \u00e0 glissi\u00e8re sur toute la longueur \u00e0 l'avant, ainsi que deux poches avant avec fermeture \u00e0 glissi\u00e8re. Parfait pour le branding avec le logo du club, du sponsor ou de l'entreprise.<\/p>\n<p>Mat\u00e9riau : polyester 100%<\/p>","protected":false},"excerpt":{"rendered":"<p>Leichte Windjacke mit effizientem Feuchtigkeitsabtransport. Durchgehender Reissverschluss vorne, sowie zwei Fronttaschen mit Reissverschluss. Perfekt f\u00fcr das Branding mit Club-, Sponsor- oder Firmenlogos. Material: 100% Polyester<\/p>","protected":false},"featured_media":248640,"template":"","meta":[],"product_brand":[],"product_cat":[4186],"product_tag":[],"class_list":{"0":"post-95561","1":"product","2":"type-product","3":"status-publish","4":"has-post-thumbnail","6":"product_cat-jacken","7":"pa_brand-craft-teamwear","8":"pa_brand-type-sportswear","9":"pa_filter-color-blau","10":"pa_filter-color-gelb","11":"pa_filter-color-gruen","12":"pa_filter-color-rot","13":"pa_filter-color-schwarz","15":"first","16":"instock","17":"sale","18":"taxable","19":"shipping-taxable","20":"purchasable","21":"product-type-variable","22":"add-to-wishlist-before_image"},"exclude_global_add_ons":[],"addons":[],"acf":[],"_links":{"self":[{"href":"https:\/\/shop.kustom.ch\/fr\/wp-json\/wp\/v2\/product\/95561"}],"collection":[{"href":"https:\/\/shop.kustom.ch\/fr\/wp-json\/wp\/v2\/product"}],"about":[{"href":"https:\/\/shop.kustom.ch\/fr\/wp-json\/wp\/v2\/types\/product"}],"wp:featuredmedia":[{"embeddable":true,"href":"https:\/\/shop.kustom.ch\/fr\/wp-json\/wp\/v2\/media\/248640"}],"wp:attachment":[{"href":"https:\/\/shop.kustom.ch\/fr\/wp-json\/wp\/v2\/media?parent=95561"}],"wp:term":[{"taxonomy":"product_brand","embeddable":true,"href":"https:\/\/shop.kustom.ch\/fr\/wp-json\/wp\/v2\/product_brand?post=95561"},{"taxonomy":"product_cat","embeddable":true,"href":"https:\/\/shop.kustom.ch\/fr\/wp-json\/wp\/v2\/product_cat?post=95561"},{"taxonomy":"product_tag","embeddable":true,"href":"https:\/\/shop.kustom.ch\/fr\/wp-json\/wp\/v2\/product_tag?post=95561"}],"curies":[{"name":"wp","href":"https:\/\/api.w.org\/{rel}","templated":true}]}}