{"id":95518,"date":"2024-03-20T16:52:34","date_gmt":"2024-03-20T15:52:34","guid":{"rendered":"https:\/\/kustomshop.kinsta.cloud\/produkt\/rush-tights-m\/"},"modified":"2026-03-27T15:23:38","modified_gmt":"2026-03-27T14:23:38","slug":"rush-tights-m","status":"publish","type":"product","link":"https:\/\/shop.kustom.ch\/fr\/produit\/rush-tights-m\/","title":{"rendered":"Collant Rush M"},"content":{"rendered":"<p>Collant l\u00e9ger en mati\u00e8re \u00e9lastique et fonctionnelle pour une \u00e9vacuation efficace de l'humidit\u00e9 et une libert\u00e9 de mouvement optimale. Parfait pour le marquage avec le logo du club, du sponsor ou de l'entreprise.<\/p>\n<p>Mati\u00e8re : 86% polyester recycl\u00e9 14% \u00e9lasthanne<\/p>","protected":false},"excerpt":{"rendered":"<p>Leichte Tights aus elastischem und funktionellem Material f\u00fcr mit effizientem Feuchtigkeitsabtransport und optimaler Bewegungsfreiheit. Perfekt f\u00fcr das Branding mit Club-, Sponsor- oder Firmenlogos. Material: 86% Recycling-Polyester 14% Elasthan<\/p>","protected":false},"featured_media":248634,"template":"","meta":[],"product_brand":[],"product_cat":[4190],"product_tag":[],"class_list":{"0":"post-95518","1":"product","2":"type-product","3":"status-publish","4":"has-post-thumbnail","6":"product_cat-leggings","7":"pa_brand-craft-teamwear","8":"pa_brand-type-sportswear","9":"pa_filter-color-blau","10":"pa_filter-color-schwarz","12":"first","13":"instock","14":"sale","15":"taxable","16":"shipping-taxable","17":"purchasable","18":"product-type-variable","19":"add-to-wishlist-before_image"},"exclude_global_add_ons":[],"addons":[],"acf":[],"_links":{"self":[{"href":"https:\/\/shop.kustom.ch\/fr\/wp-json\/wp\/v2\/product\/95518"}],"collection":[{"href":"https:\/\/shop.kustom.ch\/fr\/wp-json\/wp\/v2\/product"}],"about":[{"href":"https:\/\/shop.kustom.ch\/fr\/wp-json\/wp\/v2\/types\/product"}],"wp:featuredmedia":[{"embeddable":true,"href":"https:\/\/shop.kustom.ch\/fr\/wp-json\/wp\/v2\/media\/248634"}],"wp:attachment":[{"href":"https:\/\/shop.kustom.ch\/fr\/wp-json\/wp\/v2\/media?parent=95518"}],"wp:term":[{"taxonomy":"product_brand","embeddable":true,"href":"https:\/\/shop.kustom.ch\/fr\/wp-json\/wp\/v2\/product_brand?post=95518"},{"taxonomy":"product_cat","embeddable":true,"href":"https:\/\/shop.kustom.ch\/fr\/wp-json\/wp\/v2\/product_cat?post=95518"},{"taxonomy":"product_tag","embeddable":true,"href":"https:\/\/shop.kustom.ch\/fr\/wp-json\/wp\/v2\/product_tag?post=95518"}],"curies":[{"name":"wp","href":"https:\/\/api.w.org\/{rel}","templated":true}]}}