{"id":95465,"date":"2024-03-20T16:52:16","date_gmt":"2024-03-20T15:52:16","guid":{"rendered":"https:\/\/kustomshop.kinsta.cloud\/produkt\/rush-hot-pant-w\/"},"modified":"2026-03-27T15:19:16","modified_gmt":"2026-03-27T14:19:16","slug":"rush-hot-pant-w","status":"publish","type":"product","link":"https:\/\/shop.kustom.ch\/fr\/produit\/rush-hot-pant-w\/","title":{"rendered":"Rush Hot Pant W"},"content":{"rendered":"<p>Hotpants en mati\u00e8re douce et fonctionnelle pour un confort optimal et une \u00e9vacuation de l'humidit\u00e9. Une coupe ergonomique et une grande \u00e9lasticit\u00e9 garantissent une excellente libert\u00e9 de mouvement.<\/p>\n<p>Mati\u00e8re : polyester recycl\u00e9 86%, \u00e9lasthanne 14%<\/p>","protected":false},"excerpt":{"rendered":"<p>Hotpants aus weichem, funktionellem Material f\u00fcr optimalen Tragekomfort und Feuchtigkeitsabtransport. Ergonomische Passform und hohe Elastizit\u00e4t sorgen f\u00fcr hervorragende Bewegungsfreiheit. Material: 86% Recycling-Polyester, 14% Elasthan<\/p>","protected":false},"featured_media":248627,"template":"","meta":[],"product_brand":[],"product_cat":[4198],"product_tag":[],"class_list":{"0":"post-95465","1":"product","2":"type-product","3":"status-publish","4":"has-post-thumbnail","6":"product_cat-shorts","7":"pa_brand-craft-teamwear","8":"pa_brand-type-sportswear","9":"pa_filter-color-schwarz","11":"first","12":"instock","13":"sale","14":"taxable","15":"shipping-taxable","16":"purchasable","17":"product-type-variable","18":"add-to-wishlist-before_image"},"exclude_global_add_ons":[],"addons":[],"acf":[],"_links":{"self":[{"href":"https:\/\/shop.kustom.ch\/fr\/wp-json\/wp\/v2\/product\/95465"}],"collection":[{"href":"https:\/\/shop.kustom.ch\/fr\/wp-json\/wp\/v2\/product"}],"about":[{"href":"https:\/\/shop.kustom.ch\/fr\/wp-json\/wp\/v2\/types\/product"}],"wp:featuredmedia":[{"embeddable":true,"href":"https:\/\/shop.kustom.ch\/fr\/wp-json\/wp\/v2\/media\/248627"}],"wp:attachment":[{"href":"https:\/\/shop.kustom.ch\/fr\/wp-json\/wp\/v2\/media?parent=95465"}],"wp:term":[{"taxonomy":"product_brand","embeddable":true,"href":"https:\/\/shop.kustom.ch\/fr\/wp-json\/wp\/v2\/product_brand?post=95465"},{"taxonomy":"product_cat","embeddable":true,"href":"https:\/\/shop.kustom.ch\/fr\/wp-json\/wp\/v2\/product_cat?post=95465"},{"taxonomy":"product_tag","embeddable":true,"href":"https:\/\/shop.kustom.ch\/fr\/wp-json\/wp\/v2\/product_tag?post=95465"}],"curies":[{"name":"wp","href":"https:\/\/api.w.org\/{rel}","templated":true}]}}