{"id":95422,"date":"2024-03-20T16:52:07","date_gmt":"2024-03-20T15:52:07","guid":{"rendered":"https:\/\/kustomshop.kinsta.cloud\/produkt\/rush-top-w\/"},"modified":"2026-03-27T15:39:36","modified_gmt":"2026-03-27T14:39:36","slug":"rush-top-w","status":"publish","type":"product","link":"https:\/\/shop.kustom.ch\/fr\/produit\/rush-top-w\/","title":{"rendered":"Rush Top W"},"content":{"rendered":"<p>Top l\u00e9ger en mati\u00e8re fonctionnelle avec une \u00e9vacuation efficace de l'humidit\u00e9. La doublure en jersey assure un confort optimal. Parfait pour le branding avec le logo du club, du sponsor ou de l'entreprise.<\/p>\n<p>Mati\u00e8re : 86% polyester 14% \u00e9lasthanne<\/p>","protected":false},"excerpt":{"rendered":"<p>Leichtes Top aus funktionellem Material mit effizientem Feuchtigkeitsabtransport. Das Jersey-Innenfutter sorgt f\u00fcr optimalen Tragekomfort. Perfekt f\u00fcr das Branding mit Club-, Sponsor- oder Firmenlogos. Material: 86% Polyester 14% Elasthan<\/p>","protected":false},"featured_media":248621,"template":"","meta":[],"product_brand":[],"product_cat":[4202],"product_tag":[],"class_list":{"0":"post-95422","1":"product","2":"type-product","3":"status-publish","4":"has-post-thumbnail","6":"product_cat-tank-tops","7":"pa_brand-craft-teamwear","8":"pa_brand-type-sportswear","9":"pa_filter-color-blau","10":"pa_filter-color-gruen","11":"pa_filter-color-rot","12":"pa_filter-color-schwarz","13":"pa_filter-color-weiss","15":"first","16":"instock","17":"sale","18":"taxable","19":"shipping-taxable","20":"purchasable","21":"product-type-variable","22":"add-to-wishlist-before_image"},"exclude_global_add_ons":[],"addons":[],"acf":[],"_links":{"self":[{"href":"https:\/\/shop.kustom.ch\/fr\/wp-json\/wp\/v2\/product\/95422"}],"collection":[{"href":"https:\/\/shop.kustom.ch\/fr\/wp-json\/wp\/v2\/product"}],"about":[{"href":"https:\/\/shop.kustom.ch\/fr\/wp-json\/wp\/v2\/types\/product"}],"wp:featuredmedia":[{"embeddable":true,"href":"https:\/\/shop.kustom.ch\/fr\/wp-json\/wp\/v2\/media\/248621"}],"wp:attachment":[{"href":"https:\/\/shop.kustom.ch\/fr\/wp-json\/wp\/v2\/media?parent=95422"}],"wp:term":[{"taxonomy":"product_brand","embeddable":true,"href":"https:\/\/shop.kustom.ch\/fr\/wp-json\/wp\/v2\/product_brand?post=95422"},{"taxonomy":"product_cat","embeddable":true,"href":"https:\/\/shop.kustom.ch\/fr\/wp-json\/wp\/v2\/product_cat?post=95422"},{"taxonomy":"product_tag","embeddable":true,"href":"https:\/\/shop.kustom.ch\/fr\/wp-json\/wp\/v2\/product_tag?post=95422"}],"curies":[{"name":"wp","href":"https:\/\/api.w.org\/{rel}","templated":true}]}}