{"id":95260,"date":"2024-03-20T16:51:29","date_gmt":"2024-03-20T15:51:29","guid":{"rendered":"https:\/\/kustomshop.kinsta.cloud\/produkt\/rush-ls-tee-jr\/"},"modified":"2026-03-27T15:42:11","modified_gmt":"2026-03-27T14:42:11","slug":"rush-ls-tee-jr","status":"publish","type":"product","link":"https:\/\/shop.kustom.ch\/fr\/produit\/rush-ls-tee-jr\/","title":{"rendered":"Tee Rush LS Jr"},"content":{"rendered":"<p>T-shirt \u00e0 manches longues en mati\u00e8re l\u00e9g\u00e8re et fonctionnelle. Transport efficace de l'humidit\u00e9. Les inserts en filet sous les aisselles assurent une ventilation suppl\u00e9mentaire. Parfait pour le branding avec le logo du club, du sponsor ou de l'entreprise.<\/p>\n<p>Mat\u00e9riau : polyester 100%<\/p>","protected":false},"excerpt":{"rendered":"<p>Langarmshirt aus leichtem und funktionellem Material. Effizienter Feuchtigkeitstransport. Netz-Eins\u00e4tze im Achselbereich sorgen f\u00fcr zus\u00e4tzliche Bel\u00fcftung. Perfekt f\u00fcr das Branding mit Club-, Sponsor- oder Firmenlogos. Material: 100% Polyester<\/p>","protected":false},"featured_media":248597,"template":"","meta":[],"product_brand":[],"product_cat":[4201],"product_tag":[],"class_list":{"0":"post-95260","1":"product","2":"type-product","3":"status-publish","4":"has-post-thumbnail","6":"product_cat-t-shirts","7":"pa_brand-craft-teamwear","8":"pa_brand-type-sportswear","9":"pa_filter-color-blau","10":"pa_filter-color-gruen","11":"pa_filter-color-rot","12":"pa_filter-color-schwarz","13":"pa_filter-color-weiss","15":"first","16":"instock","17":"sale","18":"taxable","19":"shipping-taxable","20":"purchasable","21":"product-type-variable","22":"add-to-wishlist-before_image"},"exclude_global_add_ons":[],"addons":[],"acf":[],"_links":{"self":[{"href":"https:\/\/shop.kustom.ch\/fr\/wp-json\/wp\/v2\/product\/95260"}],"collection":[{"href":"https:\/\/shop.kustom.ch\/fr\/wp-json\/wp\/v2\/product"}],"about":[{"href":"https:\/\/shop.kustom.ch\/fr\/wp-json\/wp\/v2\/types\/product"}],"wp:featuredmedia":[{"embeddable":true,"href":"https:\/\/shop.kustom.ch\/fr\/wp-json\/wp\/v2\/media\/248597"}],"wp:attachment":[{"href":"https:\/\/shop.kustom.ch\/fr\/wp-json\/wp\/v2\/media?parent=95260"}],"wp:term":[{"taxonomy":"product_brand","embeddable":true,"href":"https:\/\/shop.kustom.ch\/fr\/wp-json\/wp\/v2\/product_brand?post=95260"},{"taxonomy":"product_cat","embeddable":true,"href":"https:\/\/shop.kustom.ch\/fr\/wp-json\/wp\/v2\/product_cat?post=95260"},{"taxonomy":"product_tag","embeddable":true,"href":"https:\/\/shop.kustom.ch\/fr\/wp-json\/wp\/v2\/product_tag?post=95260"}],"curies":[{"name":"wp","href":"https:\/\/api.w.org\/{rel}","templated":true}]}}