{"id":95131,"date":"2024-03-20T16:50:59","date_gmt":"2024-03-20T15:50:59","guid":{"rendered":"https:\/\/kustomshop.kinsta.cloud\/produkt\/rush-ss-tee-jr\/"},"modified":"2026-03-27T15:41:25","modified_gmt":"2026-03-27T14:41:25","slug":"rush-ss-tee-jr","status":"publish","type":"product","link":"https:\/\/shop.kustom.ch\/fr\/produit\/rush-ss-tee-jr\/","title":{"rendered":"Tee Rush SS Jr"},"content":{"rendered":"<p>T-shirt l\u00e9ger en mati\u00e8re fonctionnelle avec un transfert d'humidit\u00e9 efficace. Des inserts en mesh sous les aisselles assurent une a\u00e9ration suppl\u00e9mentaire. Parfait pour le branding avec le logo du club, du sponsor ou de l'entreprise.<\/p>\n<p>Mat\u00e9riau : polyester 100%<\/p>","protected":false},"excerpt":{"rendered":"<p>Leichtes T-Shirt aus funktionellem Material mit effizientem Feuchtigkeitstransport. Mesh-Eins\u00e4tze unter den Achseln sorgen f\u00fcr zus\u00e4tzliche Bel\u00fcftung. Perfekt f\u00fcr das Branding mit Club-, Sponsor- oder Firmenlogos. Material: 100% Polyester<\/p>","protected":false},"featured_media":248579,"template":"","meta":[],"product_brand":[],"product_cat":[4201],"product_tag":[],"class_list":{"0":"post-95131","1":"product","2":"type-product","3":"status-publish","4":"has-post-thumbnail","6":"product_cat-t-shirts","7":"pa_brand-craft-teamwear","8":"pa_brand-type-sportswear","9":"pa_filter-color-blau","10":"pa_filter-color-gruen","11":"pa_filter-color-rot","12":"pa_filter-color-schwarz","13":"pa_filter-color-weiss","15":"first","16":"instock","17":"sale","18":"taxable","19":"shipping-taxable","20":"purchasable","21":"product-type-variable","22":"add-to-wishlist-before_image"},"exclude_global_add_ons":[],"addons":[],"acf":[],"_links":{"self":[{"href":"https:\/\/shop.kustom.ch\/fr\/wp-json\/wp\/v2\/product\/95131"}],"collection":[{"href":"https:\/\/shop.kustom.ch\/fr\/wp-json\/wp\/v2\/product"}],"about":[{"href":"https:\/\/shop.kustom.ch\/fr\/wp-json\/wp\/v2\/types\/product"}],"wp:featuredmedia":[{"embeddable":true,"href":"https:\/\/shop.kustom.ch\/fr\/wp-json\/wp\/v2\/media\/248579"}],"wp:attachment":[{"href":"https:\/\/shop.kustom.ch\/fr\/wp-json\/wp\/v2\/media?parent=95131"}],"wp:term":[{"taxonomy":"product_brand","embeddable":true,"href":"https:\/\/shop.kustom.ch\/fr\/wp-json\/wp\/v2\/product_brand?post=95131"},{"taxonomy":"product_cat","embeddable":true,"href":"https:\/\/shop.kustom.ch\/fr\/wp-json\/wp\/v2\/product_cat?post=95131"},{"taxonomy":"product_tag","embeddable":true,"href":"https:\/\/shop.kustom.ch\/fr\/wp-json\/wp\/v2\/product_tag?post=95131"}],"curies":[{"name":"wp","href":"https:\/\/api.w.org\/{rel}","templated":true}]}}