{"id":94992,"date":"2024-03-20T16:50:26","date_gmt":"2024-03-20T15:50:26","guid":{"rendered":"https:\/\/kustomshop.kinsta.cloud\/produkt\/pioneer-gel-glove\/"},"modified":"2026-03-27T13:33:27","modified_gmt":"2026-03-27T12:33:27","slug":"pioneer-gel-glove","status":"publish","type":"product","link":"https:\/\/shop.kustom.ch\/fr\/produit\/pioneer-gel-glove\/","title":{"rendered":"Gant en gel Pioneer"},"content":{"rendered":"<p>Gants pour le cyclisme avec inserts en gel pour amortir les chocs aux points de pression, int\u00e9rieur de la main perfor\u00e9 pour une ventilation accrue et rev\u00eatement en silicone pour une adh\u00e9rence optimale.<\/p>\n<p>Mat\u00e9riaux : Dos : 85% polyester, 15% \u00e9lasthanne, Palm : 65% polyur\u00e9thane, 35% \u00e9lasthanne,<\/p>","protected":false},"excerpt":{"rendered":"<p>Handschuhe zum Radfahren mit Geleins\u00e4tzen zur Stossd\u00e4mpfung an den Druckstellen, perforierte Handinnenseite f\u00fcr erh\u00f6hte Ventilation und Silikonbeschichtung f\u00fcr optimalen Grip. Material: Backhand: 85% Polyester, 15% Elastane, Palm: 65% polyurethane, 35% Elastane,<\/p>","protected":false},"featured_media":248561,"template":"","meta":[],"product_brand":[],"product_cat":[9643,4209],"product_tag":[],"class_list":{"0":"post-94992","1":"product","2":"type-product","3":"status-publish","4":"has-post-thumbnail","6":"product_cat-equipment","7":"product_cat-zubehoer","8":"pa_brand-craft-retail-sportswear","9":"pa_brand-type-sportswear","10":"pa_filter-color-schwarz","12":"first","13":"instock","14":"sale","15":"taxable","16":"shipping-taxable","17":"purchasable","18":"product-type-variable","19":"add-to-wishlist-before_image"},"exclude_global_add_ons":[],"addons":[],"acf":[],"_links":{"self":[{"href":"https:\/\/shop.kustom.ch\/fr\/wp-json\/wp\/v2\/product\/94992"}],"collection":[{"href":"https:\/\/shop.kustom.ch\/fr\/wp-json\/wp\/v2\/product"}],"about":[{"href":"https:\/\/shop.kustom.ch\/fr\/wp-json\/wp\/v2\/types\/product"}],"wp:featuredmedia":[{"embeddable":true,"href":"https:\/\/shop.kustom.ch\/fr\/wp-json\/wp\/v2\/media\/248561"}],"wp:attachment":[{"href":"https:\/\/shop.kustom.ch\/fr\/wp-json\/wp\/v2\/media?parent=94992"}],"wp:term":[{"taxonomy":"product_brand","embeddable":true,"href":"https:\/\/shop.kustom.ch\/fr\/wp-json\/wp\/v2\/product_brand?post=94992"},{"taxonomy":"product_cat","embeddable":true,"href":"https:\/\/shop.kustom.ch\/fr\/wp-json\/wp\/v2\/product_cat?post=94992"},{"taxonomy":"product_tag","embeddable":true,"href":"https:\/\/shop.kustom.ch\/fr\/wp-json\/wp\/v2\/product_tag?post=94992"}],"curies":[{"name":"wp","href":"https:\/\/api.w.org\/{rel}","templated":true}]}}