{"id":94912,"date":"2024-03-20T16:50:03","date_gmt":"2024-03-20T15:50:03","guid":{"rendered":"https:\/\/kustomshop.kinsta.cloud\/produkt\/pro-control-socks\/"},"modified":"2026-03-27T13:33:25","modified_gmt":"2026-03-27T12:33:25","slug":"pro-control-socks","status":"publish","type":"product","link":"https:\/\/shop.kustom.ch\/fr\/produit\/pro-control-socks\/","title":{"rendered":"Chaussettes Pro Control"},"content":{"rendered":"<p>Chaussette l\u00e9g\u00e8re \u00e0 la coupe ajust\u00e9e pour une fonctionnalit\u00e9, une sensation et un contr\u00f4le optimaux.<\/p>\n<p>Mat\u00e9riau : Tissu 1 : 99% Polyamide 1% Lycra<\/p>","protected":false},"excerpt":{"rendered":"<p>Leichte Socke mit enger Passform f\u00fcr optimale Funktion, Gef\u00fchl und Kontrolle. Material: Fabric 1: 99% Polyamide 1% Lycra<\/p>","protected":false},"featured_media":248551,"template":"","meta":[],"product_brand":[],"product_cat":[4199],"product_tag":[],"class_list":{"0":"post-94912","1":"product","2":"type-product","3":"status-publish","4":"has-post-thumbnail","6":"product_cat-socken","7":"pa_brand-craft-teamwear","8":"pa_brand-type-sportswear","9":"pa_filter-color-blau","10":"pa_filter-color-gelb","11":"pa_filter-color-gruen","12":"pa_filter-color-schwarz","13":"pa_filter-color-weiss","15":"first","16":"instock","17":"sale","18":"taxable","19":"shipping-taxable","20":"purchasable","21":"product-type-variable","22":"add-to-wishlist-before_image"},"exclude_global_add_ons":[],"addons":[],"acf":[],"_links":{"self":[{"href":"https:\/\/shop.kustom.ch\/fr\/wp-json\/wp\/v2\/product\/94912"}],"collection":[{"href":"https:\/\/shop.kustom.ch\/fr\/wp-json\/wp\/v2\/product"}],"about":[{"href":"https:\/\/shop.kustom.ch\/fr\/wp-json\/wp\/v2\/types\/product"}],"wp:featuredmedia":[{"embeddable":true,"href":"https:\/\/shop.kustom.ch\/fr\/wp-json\/wp\/v2\/media\/248551"}],"wp:attachment":[{"href":"https:\/\/shop.kustom.ch\/fr\/wp-json\/wp\/v2\/media?parent=94912"}],"wp:term":[{"taxonomy":"product_brand","embeddable":true,"href":"https:\/\/shop.kustom.ch\/fr\/wp-json\/wp\/v2\/product_brand?post=94912"},{"taxonomy":"product_cat","embeddable":true,"href":"https:\/\/shop.kustom.ch\/fr\/wp-json\/wp\/v2\/product_cat?post=94912"},{"taxonomy":"product_tag","embeddable":true,"href":"https:\/\/shop.kustom.ch\/fr\/wp-json\/wp\/v2\/product_tag?post=94912"}],"curies":[{"name":"wp","href":"https:\/\/api.w.org\/{rel}","templated":true}]}}