{"id":94905,"date":"2024-03-20T16:49:59","date_gmt":"2024-03-20T15:49:59","guid":{"rendered":"https:\/\/kustomshop.kinsta.cloud\/produkt\/bike-jr-glove\/"},"modified":"2026-03-27T13:22:57","modified_gmt":"2026-03-27T12:22:57","slug":"bike-jr-glove","status":"publish","type":"product","link":"https:\/\/shop.kustom.ch\/fr\/produit\/bike-jr-glove\/","title":{"rendered":"Gant Bike Jr"},"content":{"rendered":"<p>Gants de motard avec inserts en gel aux points de pression et inserts \u00e9lastiques pour un ajustement optimal.<\/p>\n<p>- Inserts en gel aux points de pression pour plus de confort et une meilleure protection<br \/>\n- Doigts courts<br \/>\n- fermeture velcro<br \/>\n- Mat\u00e9riau sp\u00e9cial sur la paume de la main pour une adh\u00e9rence optimale<br \/>\n- Mesh lycra \u00e9lastique et doux sur le dos de la main pour une ventilation efficace et un ajustement parfait<br \/>\n- Tissu \u00e9ponge doux au niveau du pouce pour absorber la transpiration<br \/>\n- Un design raffin\u00e9<\/p>\n<p>Mat\u00e9riaux : Dos : 90% polyester, 10% \u00e9lasthanne, Palm : 60% polyur\u00e9thane, 40% polyester<\/p>","protected":false},"excerpt":{"rendered":"<p>Biker-Handschuhe mit Geleins\u00e4tzen an den Druckstellen und elastischen Eins\u00e4tzen f\u00fcr einen optimalen Sitz. &#8211; Geleins\u00e4tze an den Druckstellen f\u00fcr zus\u00e4tzlichen Komfort und besseren Schutz &#8211; Kurze Finger &#8211; Klettverschluss &#8211; Spezielles Material auf den Handinnenseiten f\u00fcr optimalen Grip &#8211; Elastisches, weiches Lycra-Mesh auf dem Handr\u00fccken f\u00fcr effiziente Ventilation und perfekten Sitz &#8211; Weiches Frottee beim [&hellip;]<\/p>\n","protected":false},"featured_media":248550,"template":"","meta":[],"product_brand":[],"product_cat":[4180],"product_tag":[],"class_list":{"0":"post-94905","1":"product","2":"type-product","3":"status-publish","4":"has-post-thumbnail","6":"product_cat-handschuhe","7":"pa_brand-craft-retail-sportswear","8":"pa_brand-type-sportswear","9":"pa_filter-color-schwarz","11":"first","12":"instock","13":"sale","14":"taxable","15":"shipping-taxable","16":"purchasable","17":"product-type-variable","18":"add-to-wishlist-before_image"},"exclude_global_add_ons":[],"addons":[],"acf":[],"_links":{"self":[{"href":"https:\/\/shop.kustom.ch\/fr\/wp-json\/wp\/v2\/product\/94905"}],"collection":[{"href":"https:\/\/shop.kustom.ch\/fr\/wp-json\/wp\/v2\/product"}],"about":[{"href":"https:\/\/shop.kustom.ch\/fr\/wp-json\/wp\/v2\/types\/product"}],"wp:featuredmedia":[{"embeddable":true,"href":"https:\/\/shop.kustom.ch\/fr\/wp-json\/wp\/v2\/media\/248550"}],"wp:attachment":[{"href":"https:\/\/shop.kustom.ch\/fr\/wp-json\/wp\/v2\/media?parent=94905"}],"wp:term":[{"taxonomy":"product_brand","embeddable":true,"href":"https:\/\/shop.kustom.ch\/fr\/wp-json\/wp\/v2\/product_brand?post=94905"},{"taxonomy":"product_cat","embeddable":true,"href":"https:\/\/shop.kustom.ch\/fr\/wp-json\/wp\/v2\/product_cat?post=94905"},{"taxonomy":"product_tag","embeddable":true,"href":"https:\/\/shop.kustom.ch\/fr\/wp-json\/wp\/v2\/product_tag?post=94905"}],"curies":[{"name":"wp","href":"https:\/\/api.w.org\/{rel}","templated":true}]}}