{"id":94890,"date":"2024-03-20T16:49:54","date_gmt":"2024-03-20T15:49:54","guid":{"rendered":"https:\/\/kustomshop.kinsta.cloud\/produkt\/core-essence-shorts-m\/"},"modified":"2026-03-27T14:31:27","modified_gmt":"2026-03-27T13:31:27","slug":"core-essence-shorts-m","status":"publish","type":"product","link":"https:\/\/shop.kustom.ch\/fr\/produit\/core-essence-shorts-m\/","title":{"rendered":"CORE Essence Short M"},"content":{"rendered":"<p>Short \u00e9lastique et doux avec d'excellentes propri\u00e9t\u00e9s de body control, ceinture extensible, coutures plates.<\/p>\n<p>- Mati\u00e8re douce, \u00e9lastique et r\u00e9sistante<br \/>\n- Mat\u00e9riau de compression Lycra-Sport-Energy\u00ae avec \u00e9lasticit\u00e9 dans quatre directions pour r\u00e9duire les vibrations musculaires et concentrer la force pour un confort accru et un excellent contr\u00f4le<br \/>\n- Ceinture souple et pr\u00e9form\u00e9e \u00e0 l'avant pour plus de confort<br \/>\n- Mati\u00e8re 2 couches large, douce et \u00e9lastique aux extr\u00e9mit\u00e9s des jambes et rev\u00eatement en silicone pour un excellent maintien<br \/>\n- Facteur de protection UV 50<br \/>\n- Polyamide recycl\u00e9<br \/>\n- Logo r\u00e9fl\u00e9chissant<br \/>\n- Coussin d'assise pour femme Infinity C3<br \/>\n- longueur de la jambe int\u00e9rieure 22 cm<\/p>\n<p>Mati\u00e8re : polyamide recycl\u00e9 78%, \u00e9lasthanne 22%<\/p>","protected":false},"excerpt":{"rendered":"<p>Elastische, weiche Shorts mit hervorragenden Body-Control-Eigenschaften, dehnbarem H\u00fcftbund, Flachn\u00e4hten. \u2022 Weiches, elastisches, strapazierf\u00e4higes Material \u2022 Lycra-Sport-Energy\u00ae-Kompressionsmaterial mit Elastizit\u00e4t in vier Richtungen zur Reduzierung der Muskelvibration und Konzentration der Kraft f\u00fcr erh\u00f6hten Komfort und hervorragende Kontrolle \u2022 Weicher, vorgeformter H\u00fcftbund vorne f\u00fcr zus\u00e4tzlichen Komfort \u2022 Weites, weiches und elastisches 2-Lagen-Material an den Beinenden und Silikonbeschichtung f\u00fcr [&hellip;]<\/p>\n","protected":false},"featured_media":248548,"template":"","meta":[],"product_brand":[],"product_cat":[4198],"product_tag":[],"class_list":{"0":"post-94890","1":"product","2":"type-product","3":"status-publish","4":"has-post-thumbnail","6":"product_cat-shorts","7":"pa_brand-craft-retail-sportswear","8":"pa_brand-type-sportswear","9":"pa_filter-color-grau","10":"pa_filter-color-schwarz","12":"first","13":"instock","14":"sale","15":"taxable","16":"shipping-taxable","17":"purchasable","18":"product-type-variable","19":"add-to-wishlist-before_image"},"exclude_global_add_ons":[],"addons":[],"acf":[],"_links":{"self":[{"href":"https:\/\/shop.kustom.ch\/fr\/wp-json\/wp\/v2\/product\/94890"}],"collection":[{"href":"https:\/\/shop.kustom.ch\/fr\/wp-json\/wp\/v2\/product"}],"about":[{"href":"https:\/\/shop.kustom.ch\/fr\/wp-json\/wp\/v2\/types\/product"}],"wp:featuredmedia":[{"embeddable":true,"href":"https:\/\/shop.kustom.ch\/fr\/wp-json\/wp\/v2\/media\/248548"}],"wp:attachment":[{"href":"https:\/\/shop.kustom.ch\/fr\/wp-json\/wp\/v2\/media?parent=94890"}],"wp:term":[{"taxonomy":"product_brand","embeddable":true,"href":"https:\/\/shop.kustom.ch\/fr\/wp-json\/wp\/v2\/product_brand?post=94890"},{"taxonomy":"product_cat","embeddable":true,"href":"https:\/\/shop.kustom.ch\/fr\/wp-json\/wp\/v2\/product_cat?post=94890"},{"taxonomy":"product_tag","embeddable":true,"href":"https:\/\/shop.kustom.ch\/fr\/wp-json\/wp\/v2\/product_tag?post=94890"}],"curies":[{"name":"wp","href":"https:\/\/api.w.org\/{rel}","templated":true}]}}