{"id":94882,"date":"2024-03-20T16:49:51","date_gmt":"2024-03-20T15:49:51","guid":{"rendered":"https:\/\/kustomshop.kinsta.cloud\/produkt\/core-essence-bib-knickers-m\/"},"modified":"2026-03-27T14:28:02","modified_gmt":"2026-03-27T13:28:02","slug":"core-essence-bib-knickers-m","status":"publish","type":"product","link":"https:\/\/shop.kustom.ch\/fr\/produit\/core-essence-bib-knickers-m\/","title":{"rendered":"CORE Essence Bib Knickers M"},"content":{"rendered":"<p>Cuissard Bike \u00e9lastique avec une l\u00e9g\u00e8re compression. Fabriqu\u00e9 en polyamide recycl\u00e9. Pad Infinity C3.<\/p>\n<p>- Coupe ajust\u00e9e<br \/>\n- Mat\u00e9riau \u00e9lastique, doux et r\u00e9sistant<br \/>\n- Lycra\u00ae Sport Energy assure une l\u00e9g\u00e8re compression et r\u00e9duit les vibrations musculaires<br \/>\n- Taille douce et pr\u00e9form\u00e9e pour un confort suppl\u00e9mentaire<br \/>\n- Bas de jambes larges et souples avec impression silicone \u00e0 l'int\u00e9rieur pour un maintien optimal<br \/>\n- UPF 50<br \/>\n- Polyamide recycl\u00e9<br \/>\n- Des \u00e9l\u00e9ments de design qui font en sorte que tu sois vu dans l'obscurit\u00e9<br \/>\n- Infinity C3 Pad Hommes<br \/>\n- Longueur de jambe int\u00e9rieure 50 cm<br \/>\n- Infinity C3 Pad hommes<\/p>\n<p>Mati\u00e8re : Bas du corps : 78% polyamide recycl\u00e9, 22% \u00e9lasthanne, bretelles : 80% polyamide, 20% \u00e9lasthanne<\/p>","protected":false},"excerpt":{"rendered":"<p>Elastische Bike Bib-Knicker mit leichter Kompression. Hergestellt aus recyceltem Polyamid. Infinity C3 Pad. \u2022 Enge Passform \u2022 Elastisches, weiches und strapazierf\u00e4higes Material \u2022 Lycra\u00ae Sport Energy sorgt f\u00fcr leichte Kompression und vermindert Muskelvibrationen \u2022 Weiche, vorgeformte Taille f\u00fcr extra Komfort \u2022 Breite, weiche Beinabschl\u00fcsse mit Silikonprint innen f\u00fcr optimalen Sitz \u2022 UPF 50+ \u2022 Recyceltes [&hellip;]<\/p>\n","protected":false},"featured_media":248547,"template":"","meta":[],"product_brand":[],"product_cat":[4198],"product_tag":[],"class_list":{"0":"post-94882","1":"product","2":"type-product","3":"status-publish","4":"has-post-thumbnail","6":"product_cat-shorts","7":"pa_brand-craft-retail-sportswear","8":"pa_brand-type-sportswear","9":"pa_filter-color-schwarz","11":"first","12":"instock","13":"sale","14":"taxable","15":"shipping-taxable","16":"purchasable","17":"product-type-variable","18":"add-to-wishlist-before_image"},"exclude_global_add_ons":[],"addons":[],"acf":[],"_links":{"self":[{"href":"https:\/\/shop.kustom.ch\/fr\/wp-json\/wp\/v2\/product\/94882"}],"collection":[{"href":"https:\/\/shop.kustom.ch\/fr\/wp-json\/wp\/v2\/product"}],"about":[{"href":"https:\/\/shop.kustom.ch\/fr\/wp-json\/wp\/v2\/types\/product"}],"wp:featuredmedia":[{"embeddable":true,"href":"https:\/\/shop.kustom.ch\/fr\/wp-json\/wp\/v2\/media\/248547"}],"wp:attachment":[{"href":"https:\/\/shop.kustom.ch\/fr\/wp-json\/wp\/v2\/media?parent=94882"}],"wp:term":[{"taxonomy":"product_brand","embeddable":true,"href":"https:\/\/shop.kustom.ch\/fr\/wp-json\/wp\/v2\/product_brand?post=94882"},{"taxonomy":"product_cat","embeddable":true,"href":"https:\/\/shop.kustom.ch\/fr\/wp-json\/wp\/v2\/product_cat?post=94882"},{"taxonomy":"product_tag","embeddable":true,"href":"https:\/\/shop.kustom.ch\/fr\/wp-json\/wp\/v2\/product_tag?post=94882"}],"curies":[{"name":"wp","href":"https:\/\/api.w.org\/{rel}","templated":true}]}}