{"id":94874,"date":"2024-03-20T16:49:45","date_gmt":"2024-03-20T15:49:45","guid":{"rendered":"https:\/\/kustomshop.kinsta.cloud\/produkt\/core-essence-bib-shorts-m\/"},"modified":"2026-03-27T14:26:28","modified_gmt":"2026-03-27T13:26:28","slug":"core-essence-bib-shorts-m","status":"publish","type":"product","link":"https:\/\/shop.kustom.ch\/fr\/produit\/core-essence-bib-shorts-m\/","title":{"rendered":"CORE Essence Bib Short M"},"content":{"rendered":"<p>Short \u00e0 bretelles stretch avec d'excellentes propri\u00e9t\u00e9s de body control en polyamide recycl\u00e9.<\/p>\n<p>- Mat\u00e9riau \u00e9lastique, doux et r\u00e9sistant<br \/>\n- Mat\u00e9riau de compression Lycra-Sport-Energy\u00ae avec \u00e9lasticit\u00e9 dans quatre directions pour r\u00e9duire les vibrations musculaires et concentrer la force pour un confort accru et un excellent contr\u00f4le<br \/>\n- Syst\u00e8me de support ergonomique en mesh<br \/>\n- Extr\u00e9mit\u00e9 de la jambe large, souple et \u00e9lastique avec rev\u00eatement en silicone pour une adh\u00e9rence et un maintien optimaux<br \/>\n- Facteur de protection UV 50<br \/>\n- Polyamide recycl\u00e9<br \/>\n- Logo imprim\u00e9 r\u00e9fl\u00e9chissant<br \/>\n- Coussin de si\u00e8ge pour homme Infinity C3<br \/>\n- longueur de la jambe int\u00e9rieure 24 cm<\/p>\n<p>Mati\u00e8re : Bas du corps : 78% polyamide recycl\u00e9, 22% \u00e9lasthanne, bretelles : 80% polyamide, 20% \u00e9lasthanne<\/p>","protected":false},"excerpt":{"rendered":"<p>Stretch-Tr\u00e4ger-Shorts mit hervorragenden Body-Control-Eigenschaften aus Recycling-Polyamid. \u2022 Elastisches, weiches, strapazierf\u00e4higes Material \u2022 Lycra-Sport-Energy\u00ae-Kompressionsmaterial mit Elastizit\u00e4t in vier Richtungen zur Reduzierung der Muskelvibration und Konzentration der Kraft f\u00fcr erh\u00f6hten Komfort und hervorragende Kontrolle \u2022 Ergonomisches Mesh-Tr\u00e4gersystem \u2022 Weites, weiches und elastisches Beinende mit Silikonbeschichtung f\u00fcr optimalen Grip und Halt \u2022 Schutzfaktor UV\u00a050+ \u2022 Recycling-Polyamid \u2022 Reflektierende [&hellip;]<\/p>\n","protected":false},"featured_media":248546,"template":"","meta":[],"product_brand":[],"product_cat":[4198],"product_tag":[],"class_list":{"0":"post-94874","1":"product","2":"type-product","3":"status-publish","4":"has-post-thumbnail","6":"product_cat-shorts","7":"pa_brand-craft-retail-sportswear","8":"pa_brand-type-sportswear","9":"pa_filter-color-grau","10":"pa_filter-color-schwarz","12":"first","13":"instock","14":"sale","15":"taxable","16":"shipping-taxable","17":"purchasable","18":"product-type-variable","19":"add-to-wishlist-before_image"},"exclude_global_add_ons":[],"addons":[],"acf":[],"_links":{"self":[{"href":"https:\/\/shop.kustom.ch\/fr\/wp-json\/wp\/v2\/product\/94874"}],"collection":[{"href":"https:\/\/shop.kustom.ch\/fr\/wp-json\/wp\/v2\/product"}],"about":[{"href":"https:\/\/shop.kustom.ch\/fr\/wp-json\/wp\/v2\/types\/product"}],"wp:featuredmedia":[{"embeddable":true,"href":"https:\/\/shop.kustom.ch\/fr\/wp-json\/wp\/v2\/media\/248546"}],"wp:attachment":[{"href":"https:\/\/shop.kustom.ch\/fr\/wp-json\/wp\/v2\/media?parent=94874"}],"wp:term":[{"taxonomy":"product_brand","embeddable":true,"href":"https:\/\/shop.kustom.ch\/fr\/wp-json\/wp\/v2\/product_brand?post=94874"},{"taxonomy":"product_cat","embeddable":true,"href":"https:\/\/shop.kustom.ch\/fr\/wp-json\/wp\/v2\/product_cat?post=94874"},{"taxonomy":"product_tag","embeddable":true,"href":"https:\/\/shop.kustom.ch\/fr\/wp-json\/wp\/v2\/product_tag?post=94874"}],"curies":[{"name":"wp","href":"https:\/\/api.w.org\/{rel}","templated":true}]}}