{"id":94813,"date":"2024-03-20T16:49:33","date_gmt":"2024-03-20T15:49:33","guid":{"rendered":"https:\/\/kustomshop.kinsta.cloud\/produkt\/core-essence-jersey-tight-fit-m\/"},"modified":"2026-03-27T15:31:20","modified_gmt":"2026-03-27T14:31:20","slug":"core-essence-jersey-tight-fit-m","status":"publish","type":"product","link":"https:\/\/shop.kustom.ch\/fr\/produit\/core-essence-jersey-tight-fit-m\/","title":{"rendered":"CORE Essence Jersey Tight Fit M"},"content":{"rendered":"<p>Maillot doux et \u00e9lastique pour le cyclisme, avec \u00e9vacuation id\u00e9ale de l'humidit\u00e9 et confort. Design intemporel. Quatre poches \u00e0 l'arri\u00e8re et impression en silicone sur l'ourlet arri\u00e8re.<\/p>\n<p>- Excellent transfert d'humidit\u00e9 et confort \u00e9lev\u00e9<br \/>\n- Mati\u00e8re douce et \u00e9lastique pour une libert\u00e9 de mouvement optimale<br \/>\n- 4 poches dorsales (1 poche avec fermeture \u00e9clair)<br \/>\n- fermeture \u00e9clair sur toute la longueur \u00e0 l'avant avec protection du menton<br \/>\n- Logos r\u00e9fl\u00e9chissants<br \/>\n- Impression en silicone \u00e0 l'int\u00e9rieur de la ceinture pour un maintien optimal<br \/>\n- UPF25<\/p>\n<p>Mat\u00e9riau : polyester 100%<\/p>","protected":false},"excerpt":{"rendered":"<p>Weiches und elastisches Jersey zum Radfahren mit idealem Feuchtigkeitstransport und Komfort. Zeitloses Design. Vier Taschen hinten und Silikonprint am hinteren Saum. \u2022 Grossartiger Feuchtigkeitstransport und hoher Tragekomfort \u2022 Weiches, elastisches Material f\u00fcr optimale Bewegungsfreiheit \u2022 4 R\u00fcckentaschen (1 Tasche mit Reissverschluss) \u2022 Durchgehender Reissverschluss vorne mit Kinnschutz \u2022 Reflektierende Logos \u2022 Silikonprint auf der Bundinnenseite [&hellip;]<\/p>\n","protected":false},"featured_media":248539,"template":"","meta":[],"product_brand":[],"product_cat":[4201],"product_tag":[],"class_list":{"0":"post-94813","1":"product","2":"type-product","3":"status-publish","4":"has-post-thumbnail","6":"product_cat-t-shirts","7":"pa_brand-craft-retail-sportswear","8":"pa_brand-type-sportswear","9":"pa_filter-color-blau","10":"pa_filter-color-gruen","11":"pa_filter-color-rot","12":"pa_filter-color-schwarz","13":"pa_filter-color-weiss","15":"first","16":"instock","17":"sale","18":"taxable","19":"shipping-taxable","20":"purchasable","21":"product-type-variable","22":"add-to-wishlist-before_image"},"exclude_global_add_ons":[],"addons":[],"acf":[],"_links":{"self":[{"href":"https:\/\/shop.kustom.ch\/fr\/wp-json\/wp\/v2\/product\/94813"}],"collection":[{"href":"https:\/\/shop.kustom.ch\/fr\/wp-json\/wp\/v2\/product"}],"about":[{"href":"https:\/\/shop.kustom.ch\/fr\/wp-json\/wp\/v2\/types\/product"}],"wp:featuredmedia":[{"embeddable":true,"href":"https:\/\/shop.kustom.ch\/fr\/wp-json\/wp\/v2\/media\/248539"}],"wp:attachment":[{"href":"https:\/\/shop.kustom.ch\/fr\/wp-json\/wp\/v2\/media?parent=94813"}],"wp:term":[{"taxonomy":"product_brand","embeddable":true,"href":"https:\/\/shop.kustom.ch\/fr\/wp-json\/wp\/v2\/product_brand?post=94813"},{"taxonomy":"product_cat","embeddable":true,"href":"https:\/\/shop.kustom.ch\/fr\/wp-json\/wp\/v2\/product_cat?post=94813"},{"taxonomy":"product_tag","embeddable":true,"href":"https:\/\/shop.kustom.ch\/fr\/wp-json\/wp\/v2\/product_tag?post=94813"}],"curies":[{"name":"wp","href":"https:\/\/api.w.org\/{rel}","templated":true}]}}